{"id":8883,"date":"2024-06-17T17:26:22","date_gmt":"2024-06-17T16:26:22","guid":{"rendered":"https:\/\/frunfestival.com\/transport\/"},"modified":"2024-06-24T21:56:56","modified_gmt":"2024-06-24T20:56:56","slug":"transport","status":"publish","type":"page","link":"https:\/\/frunfestival.com\/en\/transport\/","title":{"rendered":"Transport"},"content":{"rendered":"<div class=\"fusion-fullwidth fullwidth-box fusion-builder-row-1 fusion-flex-container nonhundred-percent-fullwidth non-hundred-percent-height-scrolling\" style=\"background-color: rgba(38,36,80,0.6);background-position: center center;background-repeat: no-repeat;border-width: 0px 0px 0px 0px;border-color:rgba(255,255,255,0);border-style:solid;\" ><div class=\"fusion-builder-row fusion-row fusion-flex-align-items-flex-start\" style=\"max-width:1216.8px;margin-left: calc(-4% \/ 2 );margin-right: calc(-4% \/ 2 );\"><div class=\"fusion-layout-column fusion_builder_column fusion-builder-column-0 fusion_builder_column_1_1 1_1 fusion-flex-column\"><div class=\"fusion-column-wrapper fusion-flex-justify-content-flex-start fusion-content-layout-column\" style=\"background-position:left top;background-repeat:no-repeat;-webkit-background-size:cover;-moz-background-size:cover;-o-background-size:cover;background-size:cover;padding: 0px 0px 0px 0px;\"><div class=\"fusion-text fusion-text-1\"><p style=\"text-align: center; font-size: 16px;\" data-fusion-font=\"true\">Directions and Shared Rides:<\/p>\n<p> <span data-fusion-font=\"true\" style=\"font-size: 16px;\"> By Car go to an address: <\/span><a href=\"https:\/\/maps.app.goo.gl\/mrh6Cebny6uTK4MH9\" target=\"_blank\" rel=\"noopener noreferrer\" data-fusion-font=\"true\" style=\"font-size: 16px;\">Po\u0142ajewice 6, 64-630 gmina Ryczyw\u00f3\u0142<\/a><span data-fusion-font=\"true\" style=\"font-size: 16px;\">. <\/span><span style=\"color: var(--body_typography-color); font-family: var(--body_typography-font-family); font-size: var(--body_typography-font-size); font-style: var(--body_typography-font-style,normal); letter-spacing: var(--body_typography-letter-spacing);\">GPS coordinates: 52.869178, 16.775128<\/span><\/p>\n<p><span style=\"color: var(--body_typography-color); font-family: var(--body_typography-font-family); font-size: 16px; font-style: var(--body_typography-font-style,normal); letter-spacing: var(--body_typography-letter-spacing);\" data-fusion-font=\"true\">We recommend traveling from the south through Radom (the route from the north involves small forest roads). You can see which route to choose  <\/span><a href=\"https:\/\/drive.google.com\/file\/d\/10lKhkGQDFFWsJ2F2eQcNsejIBOcUUwcr\/view?usp=sharing\" target=\"_blank\" rel=\"noopener noreferrer\" style=\"font-family: var(--body_typography-font-family); font-size: 16px; font-style: var(--body_typography-font-style,normal); letter-spacing: var(--body_typography-letter-spacing);\" data-fusion-font=\"true\">here.<\/a><span style=\"color: var(--body_typography-color); font-family: var(--body_typography-font-family); font-size: 16px; font-style: var(--body_typography-font-style,normal); letter-spacing: var(--body_typography-letter-spacing);\" data-fusion-font=\"true\"> <\/span><\/p>\n<p><span data-fusion-font=\"true\" style=\"font-size: 16px;\">Join the FB group : FRU\u0143-My (transportation, tickets, Freedom Universe community) Click <\/span><a href=\"https:\/\/www.facebook.com\/groups\/253450376256556\/\" target=\"_blank\" rel=\"noopener noreferrer\" data-fusion-font=\"true\" style=\"font-size: 16px;\">here. <\/a><span style=\"color: var(--body_typography-color); font-family: var(--body_typography-font-family); font-size: 16px; font-style: var(--body_typography-font-style,normal); letter-spacing: var(--body_typography-letter-spacing);\" data-fusion-font=\"true\">to arrange shared rides. <\/span> <\/p>\n<p style=\"text-align: center; font-size: 16px;\" data-fusion-font=\"true\">By Train, Festival Buses, and Taxi:<\/p>\n<p data-fusion-font=\"true\" style=\"font-size: 16px;\">Head to Rogo\u017ano Wielkopolskie station. Festival buses will pick you up on Thursday and Friday at 12:40 PM, 4:35 PM, and 8:35 PM, and take you directly to the festival gate. On Sunday, buses will leave the festival gate at 10:50 AM, 12:10 PM, and 3:40 PM to Rogo\u017ano Wielkopolskie station. The bus fare is 20 PLN, payable in cash to the driver.<\/p>\n<p data-fusion-font=\"true\" style=\"font-size: 16px;\">If you arrive at other times, contact the private taxi service at 784 044 346. The fare from Rogo\u017ano (25 km) is 80 PLN, payable in cash to the driver.**<\/p>\n<p data-fusion-font=\"true\" style=\"font-size: 16px;\">Suggested Train Connections for Festival Buses: <\/p>\n<p data-fusion-font=\"true\" style=\"font-size: 16px;\">THURSDAY:<\/p>\n<p data-fusion-font=\"true\" style=\"font-size: 16px;\">FESTIVAL BUS &#8211; ROGO\u0179NO WIELKOPOLSKIE 12:40<\/p>\n<p data-fusion-font=\"true\" style=\"font-size: 16px;\">Koszalin 8:23 -&gt; Szczecinek -&gt; Rogo\u017ano Wielkopolskie 11:24<\/p>\n<p data-fusion-font=\"true\" style=\"font-size: 16px;\">Krak\u00f3w G\u0142\u00f3wny 6:44 -&gt; Katowice -&gt; Opole -&gt; Wroc\u0142aw -&gt; Pozna\u0144 -&gt; Rogo\u017ano Wielkopolskie 12:19<\/p>\n<p data-fusion-font=\"true\" style=\"font-size: 16px;\">\u0141\u00f3d\u017a Kaliska 06:59 -&gt; Sieradz -&gt; Kalisz -&gt; Ostr\u00f3w Wielkopolski -&gt; Pozna\u0144 G\u0142\u00f3wny 10:58, Pozna\u0144 G\u0142\u00f3wny 11:40 -&gt; 12:19 Rogo\u017ano Wielkopolskie<\/p>\n<p data-fusion-font=\"true\" style=\"font-size: 16px;\">Warszawa Centralna 8:45 -&gt; Pozna\u0144 G\u0142\u00f3wny 11:14, Pozna\u0144 G\u0142\u00f3wny 11:40 -&gt; Rogo\u017ano Wielkopolskie 12:19<\/p>\n<p data-fusion-font=\"true\" style=\"font-size: 16px;\">FESTIVAL BUS &#8211; ROGO\u0179NO WIELKOPOLSKIE 16:35<\/p>\n<p data-fusion-font=\"true\" style=\"font-size: 16px;\">Ustka 9:24 -&gt; Koszalin -&gt; Szczecinek -&gt; Rogo\u017ano Wielkopolskie 13:52<\/p>\n<p data-fusion-font=\"true\" style=\"font-size: 16px;\">Koszalin 10:39 -&gt; Szczecinek -&gt; Rogo\u017ano Wielkopolskie 13:52<\/p>\n<p data-fusion-font=\"true\" style=\"font-size: 16px;\">Krak\u00f3w G\u0142\u00f3wny 10:11 via Cz\u0119stochowa, Ostr\u00f3w Wielkopolski, Pozna\u0144 -&gt; Rogo\u017ano Wielkopolskie 16:17<\/p>\n<p data-fusion-font=\"true\" style=\"font-size: 16px;\">Ko\u0142obrzeg 12:29 -&gt; Rogo\u017ano Wielkopolskie 15:40<\/p>\n<p data-fusion-font=\"true\" style=\"font-size: 16px;\">\u0141\u00f3d\u017a Kaliska 12:19 -&gt; \u0141\u0119czyca -&gt; Kutno 13:17, Kutno 13:50 -&gt; Konin -&gt; Poznia\u0144 G\u0142\u00f3wny 15:14, Pozna\u0144 G\u0142\u00f3wny 15:42 -&gt; Rogo\u017ano Wielkopolskie 16:17<\/p>\n<p data-fusion-font=\"true\" style=\"font-size: 16px;\">FESTIVAL BUS &#8211; ROGO\u0179NO WIELKOPOLSKIE 20:35<\/p>\n<p data-fusion-font=\"true\" style=\"font-size: 16px;\">Warszawa Centralna 15:36 -&gt; Kutno -&gt; Konin -&gt; Pozna\u0144 G\u0142\u00f3wny 18:12, Pozna\u0144 G\u0142\u00f3wny 19:12 -&gt; Rogo\u017ano Wielkopolskie 20:16<\/p>\n<p data-fusion-font=\"true\" style=\"font-size: 16px;\">\u0141\u00f3d\u017a Kaliska 15:23 -&gt; Sieradz -&gt; Kalisz -&gt; Ostr\u00f3w Wielkopolski -&gt; Pozna\u0144 G\u0142\u00f3wny 18:48, Pozna\u0144 G\u0142\u00f3wny 19:12 -&gt; Rogo\u017ano Wielkopolskie 20:16<\/p>\n<p data-fusion-font=\"true\" style=\"font-size: 16px;\">FRIDAY:<\/p>\n<p data-fusion-font=\"true\" style=\"font-size: 16px;\">FESTIVAL BUS &#8211; ROGO\u0179NO WIELKOPOLSKIE 12:40<\/p>\n<p data-fusion-font=\"true\" style=\"font-size: 16px;\">Koszalin 8:23 -&gt; Szczecinek -&gt; Rogo\u017ano Wielkopolskie 11:24<\/p>\n<p data-fusion-font=\"true\" style=\"font-size: 16px;\">Krak\u00f3w G\u0142\u00f3wny 6:44 -&gt; Katowice -&gt; Opole -&gt; Wroc\u0142aw -&gt; Pozna\u0144 -&gt; Rogo\u017ano Wielkopolskie 12:19<\/p>\n<p data-fusion-font=\"true\" style=\"font-size: 16px;\">\u0141\u00f3d\u017a Kaliska 06:59 -&gt; Sieradz -&gt; Kalisz -&gt; Ostr\u00f3w Wielkopolski -&gt; Pozna\u0144 G\u0142\u00f3wny 10:58, Pozna\u0144 G\u0142\u00f3wny 11:40 -&gt; 12:19 Rogo\u017ano Wielkopolskie<\/p>\n<p data-fusion-font=\"true\" style=\"font-size: 16px;\">Warszawa Centralna 8:45 -&gt; Pozna\u0144 G\u0142\u00f3wny 11:14, Pozna\u0144 G\u0142\u00f3wny 11:40 -&gt; Rogo\u017ano Wielkopolskie 12:19<\/p>\n<p data-fusion-font=\"true\" style=\"font-size: 16px;\">FESTIVAL BUS &#8211; ROGO\u0179NO WIELKOPOLSKIE 16:35<\/p>\n<p data-fusion-font=\"true\" style=\"font-size: 16px;\">Ustka 9:24 -&gt; Koszalin -&gt; Szczecinek -&gt; Rogo\u017ano Wielkopolskie 13:52<\/p>\n<p data-fusion-font=\"true\" style=\"font-size: 16px;\">Krak\u00f3w G\u0142\u00f3wny 10:11 przez Cz\u0119stochowa, Ostr\u00f3w Wielkopolski, Pozna\u0144 -&gt; Rogo\u017ano Wielkopolskie 16:17<\/p>\n<p data-fusion-font=\"true\" style=\"font-size: 16px;\">Ko\u0142obrzeg 12:29 -&gt; Rogo\u017ano Wielkopolskie 15:40<\/p>\n<p data-fusion-font=\"true\" style=\"font-size: 16px;\">\u0141\u00f3d\u017a Kaliska 12:19 -&gt; \u0141\u0119czyca -&gt; Kutno 13:17, Kutno 13:50 -&gt; Konin -&gt; Poznia\u0144 G\u0142\u00f3wny 15:14, Pozna\u0144 G\u0142\u00f3wny 15:42 -&gt; Rogo\u017ano Wielkopolskie 16:17<\/p>\n<p data-fusion-font=\"true\" style=\"font-size: 16px;\">FESTIVAL BUS &#8211; ROGO\u0179NO WIELKOPOLSKIE 20:35<\/p>\n<p data-fusion-font=\"true\" style=\"font-size: 16px;\">Warszawa Centralna 15:36 -&gt; Kutno -&gt; Konin -&gt; Pona\u0144 G\u0142\u00f3wny 18:12, Pozna\u0144 G\u0142\u00f3wny 19:12 -&gt; Rogo\u017ano Wielkopolskie 20:16<\/p>\n<p data-fusion-font=\"true\" style=\"font-size: 16px;\">\u0141\u00f3d\u017a Kaliska 15:23 -&gt; Sieradz -&gt; Kalisz -&gt; Ostr\u00f3w Wielkopolski -&gt; Pozna\u0144 G\u0142\u00f3wny 18:48, Pozna\u0144 G\u0142\u00f3wny 19:12 -&gt; Rogo\u017ano Wielkopolskie 20:16<\/p>\n<p data-fusion-font=\"true\" style=\"font-size: 16px;\">SUNDAY<\/p>\n<p data-fusion-font=\"true\" style=\"font-size: 16px;\">FESTIVAL BUS &#8211; BRAMKA 10:50<\/p>\n<p data-fusion-font=\"true\" style=\"font-size: 16px;\">Rogo\u017ano Wielkopolskie 11:48 -&gt; Ostr\u00f3w Wielkopolski -&gt; Cz\u0119stochowa -&gt; Krak\u00f3w G\u0142\u00f3wny 17:54<\/p>\n<p data-fusion-font=\"true\" style=\"font-size: 16px;\">Rogo\u017ano Wielkopolskie 11:48 -&gt; Pozna\u0144 G\u0142\u00f3wny 12:21, Pozna\u0144 G\u0142\u00f3wny 12:47 -&gt; Konin -&gt; Kutno -&gt; Warszawa Centralna 15:17<\/p>\n<p data-fusion-font=\"true\" style=\"font-size: 16px;\">Rogo\u017ano Wielkopolskie 11:48 -&gt; Pleszew 13:34, Pleszew 13:53 -&gt; Ostr\u00f3w Wielkopolski -&gt; Kalisz -&gt; \u0141\u00f3d\u017a Kaliska 16:20<\/p>\n<p data-fusion-font=\"true\" style=\"font-size: 16px;\">Rogo\u017ano Wielkopolskie 11:48 -&gt; Pozna\u0144 G\u0142\u00f3wny 12:21, Pozna\u0144 G\u0142\u00f3wny 12:43 -&gt; Inowroc\u0142aw -&gt; Bydgoszcz -&gt; Gda\u0144sk G\u0142\u00f3wny 15:41<\/p>\n<p data-fusion-font=\"true\" style=\"font-size: 16px;\">FESTIVAL BUS &#8211; BRAMKA 12:10<\/p>\n<p data-fusion-font=\"true\" style=\"font-size: 16px;\">Rogo\u017ano Wielkopolskie 13:12 -&gt; Pozna\u0144 -&gt; Wroc\u0142aw -&gt; Opole -&gt; Katowice -&gt; Krak\u00f3w G\u0142\u00f3wny 19:39<\/p>\n<p data-fusion-font=\"true\" style=\"font-size: 16px;\">Rogo\u017ano Wielkopolskie 13:53 -&gt; Pozna\u0144 G\u0142\u00f3wny 14:29, Pozna\u0144 G\u0142\u00f3wny 14:47 -&gt; Konin -&gt; Kutno -&gt; Warszawa Centralna 17:17<\/p>\n<p data-fusion-font=\"true\" style=\"font-size: 16px;\">Rogo\u017ano Wielkopolskie 13:53 -&gt; Pozna\u0144 G\u0142\u00f3wny 14:29, Pozna\u0144 G\u0142\u00f3wny 14:50 -&gt; Kalisz -&gt; \u0141\u00f3d\u017a Kaliska 18:48<\/p>\n<p data-fusion-font=\"true\" style=\"font-size: 16px;\">Rogo\u017ano Wielkopolskie 13:53 -&gt; Pozna\u0144 G\u0142\u00f3wny 14:29, Pozna\u0144 G\u0142\u00f3wny 14:32 -&gt; Inowroc\u0142aw -&gt; Bydgoszcz -&gt; Gda\u0144sk G\u0142\u00f3wny 17:40<\/p>\n<p data-fusion-font=\"true\" style=\"font-size: 16px;\">Rogo\u017ano Wielkopolskie 14:16 -&gt; Szczecinek -&gt; Koszalin -&gt; Ustka 18:10<\/p>\n<p data-fusion-font=\"true\" style=\"font-size: 16px;\">FESTIVAL BUS &#8211; BRAMKA 15:40<\/p>\n<p data-fusion-font=\"true\" style=\"font-size: 16px;\">Rogo\u017ano Wielkopolskie 16:40 -&gt; Pozna\u0144 -&gt; Wroc\u0142aw -&gt; Opole -&gt; Katowice -&gt; Krak\u00f3w G\u0142\u00f3wny 22:42<\/p>\n<p data-fusion-font=\"true\" style=\"font-size: 16px;\">Rogo\u017ano Wielkopolskie 16:40 -&gt; Pozna\u0144 G\u0142\u00f3wny 17:16, Pozna\u0144 G\u0142\u00f3wny 17:41 -&gt; Konin -&gt; Kutno -&gt; Sochaczew -&gt; Warszawa Gda\u0144ska 20:30<\/p>\n<p data-fusion-font=\"true\" style=\"font-size: 16px;\">Rogo\u017ano Wielkopolskie 18:17 -&gt; Szczecinek -&gt; Koszalin 21:32<\/p>\n<\/p>\n<p>_________<\/p>\n<p data-fusion-font=\"true\" style=\"font-size: 13px;\">* \u2013 Bus rides are provided by the company Romek Bus. For groups of more than 12 people or individual fare arrangements, additional trips can be organized. The contact number for the carrier is: 665 242 041.  <\/p>\n<p data-fusion-font=\"true\" style=\"font-size: 13px;\">** \u2013 Taxi rides are organized by a private carrier; the festival only mediates in providing the contact information.<\/p>\n<\/div><\/div><style type=\"text\/css\">.fusion-body .fusion-builder-column-0{width:100% !important;margin-top : 20px;margin-bottom : 20px;}.fusion-builder-column-0 > .fusion-column-wrapper {padding-top : 0px !important;padding-right : 0px !important;margin-right : 1.92%;padding-bottom : 0px !important;padding-left : 0px !important;margin-left : 1.92%;}@media only screen and (max-width:1024px) {.fusion-body .fusion-builder-column-0{width:100% !important;order : 0;}.fusion-builder-column-0 > .fusion-column-wrapper {margin-right : 1.92%;margin-left : 1.92%;}}@media only screen and (max-width:640px) {.fusion-body .fusion-builder-column-0{width:100% !important;order : 0;}.fusion-builder-column-0 > .fusion-column-wrapper {margin-right : 1.92%;margin-left : 1.92%;}}<\/style><\/div><\/div><style type=\"text\/css\">.fusion-body .fusion-flex-container.fusion-builder-row-1{ padding-top : 0px;margin-top : 0px;padding-right : 0px;padding-bottom : 0px;margin-bottom : 0px;padding-left : 0px;}<\/style><\/div>\n","protected":false},"excerpt":{"rendered":"","protected":false},"author":3,"featured_media":0,"parent":0,"menu_order":0,"comment_status":"closed","ping_status":"closed","template":"","meta":{"footnotes":""},"class_list":["post-8883","page","type-page","status-publish","hentry"],"yoast_head":"<!-- This site is optimized with the Yoast SEO plugin v27.3 - https:\/\/yoast.com\/product\/yoast-seo-wordpress\/ -->\n<title>Transport - Fru\u0144 Festival<\/title>\n<meta name=\"robots\" content=\"index, follow, max-snippet:-1, max-image-preview:large, max-video-preview:-1\" \/>\n<link rel=\"canonical\" href=\"https:\/\/frunfestival.com\/en\/transport\/\" \/>\n<meta property=\"og:locale\" content=\"en_US\" \/>\n<meta property=\"og:type\" content=\"article\" \/>\n<meta property=\"og:title\" content=\"Transport - Fru\u0144 Festival\" \/>\n<meta property=\"og:url\" content=\"https:\/\/frunfestival.com\/en\/transport\/\" \/>\n<meta property=\"og:site_name\" content=\"Fru\u0144 Festival\" \/>\n<meta property=\"article:modified_time\" content=\"2024-06-24T20:56:56+00:00\" \/>\n<meta name=\"twitter:card\" content=\"summary_large_image\" \/>\n<meta name=\"twitter:label1\" content=\"Est. reading time\" \/>\n\t<meta name=\"twitter:data1\" content=\"6 minutes\" \/>\n<script type=\"application\/ld+json\" class=\"yoast-schema-graph\">{\"@context\":\"https:\\\/\\\/schema.org\",\"@graph\":[{\"@type\":\"WebPage\",\"@id\":\"https:\\\/\\\/frunfestival.com\\\/en\\\/transport\\\/\",\"url\":\"https:\\\/\\\/frunfestival.com\\\/en\\\/transport\\\/\",\"name\":\"Transport - Fru\u0144 Festival\",\"isPartOf\":{\"@id\":\"https:\\\/\\\/frunfestival.com\\\/#website\"},\"datePublished\":\"2024-06-17T16:26:22+00:00\",\"dateModified\":\"2024-06-24T20:56:56+00:00\",\"breadcrumb\":{\"@id\":\"https:\\\/\\\/frunfestival.com\\\/en\\\/transport\\\/#breadcrumb\"},\"inLanguage\":\"en-US\",\"potentialAction\":[{\"@type\":\"ReadAction\",\"target\":[\"https:\\\/\\\/frunfestival.com\\\/en\\\/transport\\\/\"]}]},{\"@type\":\"BreadcrumbList\",\"@id\":\"https:\\\/\\\/frunfestival.com\\\/en\\\/transport\\\/#breadcrumb\",\"itemListElement\":[{\"@type\":\"ListItem\",\"position\":1,\"name\":\"Home\",\"item\":\"https:\\\/\\\/frunfestival.com\\\/en\\\/frun-2023\\\/\"},{\"@type\":\"ListItem\",\"position\":2,\"name\":\"Transport\"}]},{\"@type\":\"WebSite\",\"@id\":\"https:\\\/\\\/frunfestival.com\\\/#website\",\"url\":\"https:\\\/\\\/frunfestival.com\\\/\",\"name\":\"Fru\u0144 Festival\",\"description\":\"od korzeni a\u017c po kosmos\",\"potentialAction\":[{\"@type\":\"SearchAction\",\"target\":{\"@type\":\"EntryPoint\",\"urlTemplate\":\"https:\\\/\\\/frunfestival.com\\\/?s={search_term_string}\"},\"query-input\":{\"@type\":\"PropertyValueSpecification\",\"valueRequired\":true,\"valueName\":\"search_term_string\"}}],\"inLanguage\":\"en-US\"}]}<\/script>\n<!-- \/ Yoast SEO plugin. -->","yoast_head_json":{"title":"Transport - Fru\u0144 Festival","robots":{"index":"index","follow":"follow","max-snippet":"max-snippet:-1","max-image-preview":"max-image-preview:large","max-video-preview":"max-video-preview:-1"},"canonical":"https:\/\/frunfestival.com\/en\/transport\/","og_locale":"en_US","og_type":"article","og_title":"Transport - Fru\u0144 Festival","og_url":"https:\/\/frunfestival.com\/en\/transport\/","og_site_name":"Fru\u0144 Festival","article_modified_time":"2024-06-24T20:56:56+00:00","twitter_card":"summary_large_image","twitter_misc":{"Est. reading time":"6 minutes"},"schema":{"@context":"https:\/\/schema.org","@graph":[{"@type":"WebPage","@id":"https:\/\/frunfestival.com\/en\/transport\/","url":"https:\/\/frunfestival.com\/en\/transport\/","name":"Transport - Fru\u0144 Festival","isPartOf":{"@id":"https:\/\/frunfestival.com\/#website"},"datePublished":"2024-06-17T16:26:22+00:00","dateModified":"2024-06-24T20:56:56+00:00","breadcrumb":{"@id":"https:\/\/frunfestival.com\/en\/transport\/#breadcrumb"},"inLanguage":"en-US","potentialAction":[{"@type":"ReadAction","target":["https:\/\/frunfestival.com\/en\/transport\/"]}]},{"@type":"BreadcrumbList","@id":"https:\/\/frunfestival.com\/en\/transport\/#breadcrumb","itemListElement":[{"@type":"ListItem","position":1,"name":"Home","item":"https:\/\/frunfestival.com\/en\/frun-2023\/"},{"@type":"ListItem","position":2,"name":"Transport"}]},{"@type":"WebSite","@id":"https:\/\/frunfestival.com\/#website","url":"https:\/\/frunfestival.com\/","name":"Fru\u0144 Festival","description":"od korzeni a\u017c po kosmos","potentialAction":[{"@type":"SearchAction","target":{"@type":"EntryPoint","urlTemplate":"https:\/\/frunfestival.com\/?s={search_term_string}"},"query-input":{"@type":"PropertyValueSpecification","valueRequired":true,"valueName":"search_term_string"}}],"inLanguage":"en-US"}]}},"_links":{"self":[{"href":"https:\/\/frunfestival.com\/en\/wp-json\/wp\/v2\/pages\/8883","targetHints":{"allow":["GET"]}}],"collection":[{"href":"https:\/\/frunfestival.com\/en\/wp-json\/wp\/v2\/pages"}],"about":[{"href":"https:\/\/frunfestival.com\/en\/wp-json\/wp\/v2\/types\/page"}],"author":[{"embeddable":true,"href":"https:\/\/frunfestival.com\/en\/wp-json\/wp\/v2\/users\/3"}],"replies":[{"embeddable":true,"href":"https:\/\/frunfestival.com\/en\/wp-json\/wp\/v2\/comments?post=8883"}],"version-history":[{"count":1,"href":"https:\/\/frunfestival.com\/en\/wp-json\/wp\/v2\/pages\/8883\/revisions"}],"predecessor-version":[{"id":8884,"href":"https:\/\/frunfestival.com\/en\/wp-json\/wp\/v2\/pages\/8883\/revisions\/8884"}],"wp:attachment":[{"href":"https:\/\/frunfestival.com\/en\/wp-json\/wp\/v2\/media?parent=8883"}],"curies":[{"name":"wp","href":"https:\/\/api.w.org\/{rel}","templated":true}]}}