{"id":8882,"date":"2024-06-17T17:32:40","date_gmt":"2024-06-17T16:32:40","guid":{"rendered":"https:\/\/frunfestival.com\/childrens-zone\/"},"modified":"2024-06-17T17:32:40","modified_gmt":"2024-06-17T16:32:40","slug":"childrens-zone","status":"publish","type":"page","link":"https:\/\/frunfestival.com\/en\/childrens-zone\/","title":{"rendered":"Children&#8217;s Zone"},"content":{"rendered":"<p><div class=\"fusion-fullwidth fullwidth-box fusion-builder-row-1 fusion-flex-container nonhundred-percent-fullwidth non-hundred-percent-height-scrolling\" style=\"background-color: rgba(38,36,80,0.6);background-position: center center;background-repeat: no-repeat;background-blend-mode: overlay;border-width: 0px 0px 0px 0px;border-color:rgba(255,255,255,0);border-style:solid;\" ><div class=\"fusion-builder-row fusion-row fusion-flex-align-items-flex-start\" style=\"max-width:1216.8px;margin-left: calc(-4% \/ 2 );margin-right: calc(-4% \/ 2 );\"><div class=\"fusion-layout-column fusion_builder_column fusion-builder-column-0 fusion_builder_column_1_1 1_1 fusion-flex-column\"><div class=\"fusion-column-wrapper fusion-flex-justify-content-flex-start fusion-content-layout-column\" style=\"background-position:left top;background-repeat:no-repeat;-webkit-background-size:cover;-moz-background-size:cover;-o-background-size:cover;background-size:cover;padding: 0px 0px 0px 0px;\"><div class=\"fusion-text fusion-text-1\"><div class=\"xdj266r x11i5rnm xat24cr x1mh8g0r x1vvkbs\"><span data-fusion-font=\"true\" style=\"font-size: 16px;\">Dear little and big kids!<\/span><\/div>\n<div class=\"x11i5rnm xat24cr x1mh8g0r x1vvkbs xtlvy1s\"><span data-fusion-font=\"true\" style=\"font-size: 16px;\"><a href=\"Podczas%20FRU%C5%83%20Festival%202023%20bawili%C5%9Bmy%20si%C4%99%20tak:\"><\/a>We are delighted to invite you to an unforgettable adventure waiting for you in our Children&#8217;s Zone at the Fru\u0144 Festival! Together with <a href=\"https:\/\/www.facebook.com\/events\/1881297675720015\" target=\"_blank\" rel=\"noopener noreferrer\">the Kreuj U\u015bmiech(Make The Smile) team and Friends<\/a>, we guarantee to create countless beautiful smiles! <\/span><\/p>\n<p data-fusion-font=\"true\" style=\"font-size: 16px;\">SCHEDULE:<\/p>\n<\/div>\n<p><b data-fusion-font=\"true\" style=\"font-size: 16px;\">27.06 THURSDAY<\/b><\/p>\n<p data-fusion-font=\"true\" style=\"font-size: 16px;\">3:00 PM \u2013 3:30 PM Opening Circle \u2013 Kreuj U\u015bmiech<\/p>\n<p data-fusion-font=\"true\" style=\"font-size: 16px;\">3:30 PM \u2013 4:30 PM Forest Constructions \u2013 Kreuj U\u015bmiech<\/p>\n<p data-fusion-font=\"true\" style=\"font-size: 16px;\">4:30 PM \u2013 6:00 PM Paint Your World \u2013 Agata \u0141ukaszewska &amp; Ga\u0142\u0105zka (KU)<\/p>\n<p><b data-fusion-font=\"true\" style=\"font-size: 16px;\">28.06 FRIDAY<\/b><\/p>\n<p data-fusion-font=\"true\" style=\"font-size: 16px;\">10:00 AM \u2013 11:00 AM Kids&#8217; Yoga \u2013 Agajka &amp; Ga\u0142\u0105zka (KU)<\/p>\n<p data-fusion-font=\"true\" style=\"font-size: 16px;\">11:00 AM \u2013 1:30 PM Little Juggler \u2013 Szymon (Seitan) Schab<\/p>\n<p data-fusion-font=\"true\" style=\"font-size: 16px;\">1:30 PM \u2013 3:00 PM Musical Adventures \u2013 Filip Przybylski &amp; Agajka (KU)<\/p>\n<p data-fusion-font=\"true\" style=\"font-size: 16px;\">3:00 PM \u2013 4:00 PM Stage Discoveries \u2013 Anita Witczak<\/p>\n<p data-fusion-font=\"true\" style=\"font-size: 16px;\">4:00 PM \u2013 6:00 PM Playing with Clay \u2013 Rootka Pottery<\/p>\n<p><b data-fusion-font=\"true\" style=\"font-size: 16px;\">29.06 SATURDAY<\/b><\/p>\n<p data-fusion-font=\"true\" style=\"font-size: 16px;\">10:00 AM \u2013 11:00 AM Fairy Tale Day with Live Music \u2013 Jakub Zielina<\/p>\n<p data-fusion-font=\"true\" style=\"font-size: 16px;\">11:00 AM \u2013 12:00 PM Kids and Parents Yoga \u2013 Kinga Anto\u0144czyk<\/p>\n<p data-fusion-font=\"true\" style=\"font-size: 16px;\">12:00 PM \u2013 2:30 PM Secrets of Emotional Magic \u2013 Aleksander Falafel<\/p>\n<p data-fusion-font=\"true\" style=\"font-size: 16px;\">2:30 PM \u2013 4:30 PM Enchanted Wings \u2013 Szymon (Seitan) Schab<\/p>\n<p data-fusion-font=\"true\" style=\"font-size: 16px;\">4:30 PM \u2013 6:00 PM Plant Mandala \u2013 Agajka &amp; Ga\u0142\u0105zka (KU)<\/p>\n<p><b data-fusion-font=\"true\" style=\"font-size: 16px;\">30.06 SUNDAY<\/b><\/p>\n<p data-fusion-font=\"true\" style=\"font-size: 16px;\">10:00 AM \u2013 11:00 AM Kids&#8217; Yoga \u2013 Agata \u0141ukaszewska (KU)<\/p>\n<p data-fusion-font=\"true\" style=\"font-size: 16px;\">11:00 AM \u2013 12:00 PM Acrobatics \u2013 Urszula Go\u0142\u0119biewska<\/p>\n<p data-fusion-font=\"true\" style=\"font-size: 16px;\">12:00 PM \u2013 1:00 PM Fairy Tales with Live Music \u2013 Jakub Zielina<\/p>\n<p data-fusion-font=\"true\"><b data-fusion-font=\"true\" style=\"font-size: 16px;\">Face Painting Schedule:<\/b><\/p>\n<p data-fusion-font=\"true\" style=\"font-size: 16px;\">THURSDAY 3:30 PM \u2013 4:30 PM<\/p>\n<p data-fusion-font=\"true\" style=\"font-size: 16px;\">FRIDAY 1:30 PM \u2013 2:30 PM<\/p>\n<p data-fusion-font=\"true\" style=\"font-size: 16px;\">SATURDAY 4:30 PM \u2013 5:30 PM<\/p>\n<p data-fusion-font=\"true\" style=\"font-size: 16px;\">SUNDAY 10:00 AM \u2013 11:00 AM<\/p>\n<p data-fusion-font=\"true\" style=\"font-size: 16px;\">Additionally, you will find a creative corner and a relaxation zone.<\/p>\n<p data-fusion-font=\"true\" style=\"font-size: 16px;\">Organized by<\/p>\n<p data-fusion-font=\"true\" style=\"font-size: 16px;\">Kreuj U\u015bmiech (Make The Smile)<\/p>\n<\/div><\/div><style type=\"text\/css\">.fusion-body .fusion-builder-column-0{width:100% !important;margin-top : 0px;margin-bottom : 0px;}.fusion-builder-column-0 > .fusion-column-wrapper {padding-top : 0px !important;padding-right : 0px !important;margin-right : 1.92%;padding-bottom : 0px !important;padding-left : 0px !important;margin-left : 1.92%;}@media only screen and (max-width:1024px) {.fusion-body .fusion-builder-column-0{width:100% !important;}.fusion-builder-column-0 > .fusion-column-wrapper {margin-right : 1.92%;margin-left : 1.92%;}}@media only screen and (max-width:640px) {.fusion-body .fusion-builder-column-0{width:100% !important;}.fusion-builder-column-0 > .fusion-column-wrapper {margin-right : 1.92%;margin-left : 1.92%;}}<\/style><\/div><\/div><style type=\"text\/css\">.fusion-body .fusion-flex-container.fusion-builder-row-1{ padding-top : 0px;margin-top : 0px;padding-right : 0px;padding-bottom : 0px;margin-bottom : 0px;padding-left : 0px;}<\/style><\/div><div class=\"fusion-fullwidth fullwidth-box fusion-builder-row-2 fusion-flex-container nonhundred-percent-fullwidth non-hundred-percent-height-scrolling\" style=\"background-color: rgba(38,36,80,0.6);background-position: center center;background-repeat: no-repeat;border-width: 0px 0px 0px 0px;border-color:rgba(255,255,255,0);border-style:solid;\" ><div class=\"fusion-builder-row fusion-row fusion-flex-align-items-flex-start\" style=\"max-width:1216.8px;margin-left: calc(-4% \/ 2 );margin-right: calc(-4% \/ 2 );\"><div class=\"fusion-layout-column fusion_builder_column fusion-builder-column-1 fusion_builder_column_1_1 1_1 fusion-flex-column\"><div class=\"fusion-column-wrapper fusion-flex-justify-content-flex-start fusion-content-layout-column\" style=\"background-position:left top;background-repeat:no-repeat;-webkit-background-size:cover;-moz-background-size:cover;-o-background-size:cover;background-size:cover;padding: 0px 0px 0px 0px;\"><div ><span class=\" fusion-imageframe imageframe-none imageframe-1 hover-type-none\"><img decoding=\"async\" width=\"1811\" height=\"2560\" title=\"Strefa dla dzieci www\" src=\"https:\/\/frunfestival.com\/wp-content\/uploads\/2024\/06\/Strefa-dla-dzieci-www.jpg\" data-orig-src=\"https:\/\/frunfestival.com\/wp-content\/uploads\/2024\/06\/Strefa-dla-dzieci-www.jpg\" alt class=\"lazyload img-responsive wp-image-8795\" srcset=\"data:image\/svg+xml,%3Csvg%20xmlns%3D%27http%3A%2F%2Fwww.w3.org%2F2000%2Fsvg%27%20width%3D%271811%27%20height%3D%272560%27%20viewBox%3D%270%200%201811%202560%27%3E%3Crect%20width%3D%271811%27%20height%3D%272560%27%20fill-opacity%3D%220%22%2F%3E%3C%2Fsvg%3E\" data-srcset=\"https:\/\/frunfestival.com\/wp-content\/uploads\/2024\/06\/Strefa-dla-dzieci-www-200x283.jpg 200w, https:\/\/frunfestival.com\/wp-content\/uploads\/2024\/06\/Strefa-dla-dzieci-www-400x565.jpg 400w, https:\/\/frunfestival.com\/wp-content\/uploads\/2024\/06\/Strefa-dla-dzieci-www-600x848.jpg 600w, https:\/\/frunfestival.com\/wp-content\/uploads\/2024\/06\/Strefa-dla-dzieci-www-800x1131.jpg 800w, https:\/\/frunfestival.com\/wp-content\/uploads\/2024\/06\/Strefa-dla-dzieci-www-1200x1696.jpg 1200w, https:\/\/frunfestival.com\/wp-content\/uploads\/2024\/06\/Strefa-dla-dzieci-www.jpg 1811w\" data-sizes=\"auto\" data-orig-sizes=\"(max-width: 1024px) 100vw, (max-width: 640px) 100vw, 1200px\" \/><\/span><\/div><\/div><style type=\"text\/css\">.fusion-body .fusion-builder-column-1{width:100% !important;margin-top : 20px;margin-bottom : 20px;}.fusion-builder-column-1 > .fusion-column-wrapper {padding-top : 0px !important;padding-right : 0px !important;margin-right : 1.92%;padding-bottom : 0px !important;padding-left : 0px !important;margin-left : 1.92%;}@media only screen and (max-width:1024px) {.fusion-body .fusion-builder-column-1{width:100% !important;order : 0;}.fusion-builder-column-1 > .fusion-column-wrapper {margin-right : 1.92%;margin-left : 1.92%;}}@media only screen and (max-width:640px) {.fusion-body .fusion-builder-column-1{width:100% !important;order : 0;}.fusion-builder-column-1 > .fusion-column-wrapper {margin-right : 1.92%;margin-left : 1.92%;}}<\/style><\/div><\/div><style type=\"text\/css\">.fusion-body .fusion-flex-container.fusion-builder-row-2{ padding-top : 0px;margin-top : 0px;padding-right : 0px;padding-bottom : 0px;margin-bottom : 0px;padding-left : 0px;}<\/style><\/div><div class=\"fusion-fullwidth fullwidth-box fusion-builder-row-3 fusion-flex-container nonhundred-percent-fullwidth non-hundred-percent-height-scrolling\" style=\"background-color: rgba(38,36,80,0.6);background-position: center center;background-repeat: no-repeat;border-width: 0px 0px 0px 0px;border-color:rgba(255,255,255,0);border-style:solid;\" ><div class=\"fusion-builder-row fusion-row fusion-flex-align-items-flex-start\" style=\"max-width:1216.8px;margin-left: calc(-4% \/ 2 );margin-right: calc(-4% \/ 2 );\"><div class=\"fusion-layout-column fusion_builder_column fusion-builder-column-2 fusion_builder_column_1_1 1_1 fusion-flex-column\"><div class=\"fusion-column-wrapper fusion-flex-justify-content-flex-start fusion-content-layout-column\" style=\"background-position:left top;background-repeat:no-repeat;-webkit-background-size:cover;-moz-background-size:cover;-o-background-size:cover;background-size:cover;padding: 0px 0px 0px 0px;\"><div ><span class=\" fusion-imageframe imageframe-none imageframe-2 hover-type-none\"><img decoding=\"async\" width=\"2000\" height=\"1333\" title=\"2023-06_Frun_Festiwal_by_Andriej_Szypilow_LOGO_3kpx_853\" src=\"https:\/\/frunfestival.com\/wp-content\/uploads\/2024\/06\/2023-06_Frun_Festiwal_by_Andriej_Szypilow_LOGO_3kpx_853.jpg\" data-orig-src=\"https:\/\/frunfestival.com\/wp-content\/uploads\/2024\/06\/2023-06_Frun_Festiwal_by_Andriej_Szypilow_LOGO_3kpx_853.jpg\" alt class=\"lazyload img-responsive wp-image-8801\" srcset=\"data:image\/svg+xml,%3Csvg%20xmlns%3D%27http%3A%2F%2Fwww.w3.org%2F2000%2Fsvg%27%20width%3D%272000%27%20height%3D%271333%27%20viewBox%3D%270%200%202000%201333%27%3E%3Crect%20width%3D%272000%27%20height%3D%271333%27%20fill-opacity%3D%220%22%2F%3E%3C%2Fsvg%3E\" data-srcset=\"https:\/\/frunfestival.com\/wp-content\/uploads\/2024\/06\/2023-06_Frun_Festiwal_by_Andriej_Szypilow_LOGO_3kpx_853-200x133.jpg 200w, https:\/\/frunfestival.com\/wp-content\/uploads\/2024\/06\/2023-06_Frun_Festiwal_by_Andriej_Szypilow_LOGO_3kpx_853-400x267.jpg 400w, https:\/\/frunfestival.com\/wp-content\/uploads\/2024\/06\/2023-06_Frun_Festiwal_by_Andriej_Szypilow_LOGO_3kpx_853-600x400.jpg 600w, https:\/\/frunfestival.com\/wp-content\/uploads\/2024\/06\/2023-06_Frun_Festiwal_by_Andriej_Szypilow_LOGO_3kpx_853-800x533.jpg 800w, https:\/\/frunfestival.com\/wp-content\/uploads\/2024\/06\/2023-06_Frun_Festiwal_by_Andriej_Szypilow_LOGO_3kpx_853-1200x800.jpg 1200w, https:\/\/frunfestival.com\/wp-content\/uploads\/2024\/06\/2023-06_Frun_Festiwal_by_Andriej_Szypilow_LOGO_3kpx_853.jpg 2000w\" data-sizes=\"auto\" data-orig-sizes=\"(max-width: 1024px) 100vw, (max-width: 640px) 100vw, 1200px\" \/><\/span><\/div><\/div><style type=\"text\/css\">.fusion-body .fusion-builder-column-2{width:100% !important;margin-top : 20px;margin-bottom : 20px;}.fusion-builder-column-2 > .fusion-column-wrapper {padding-top : 0px !important;padding-right : 0px !important;margin-right : 1.92%;padding-bottom : 0px !important;padding-left : 0px !important;margin-left : 1.92%;}@media only screen and (max-width:1024px) {.fusion-body .fusion-builder-column-2{width:100% !important;order : 0;}.fusion-builder-column-2 > .fusion-column-wrapper {margin-right : 1.92%;margin-left : 1.92%;}}@media only screen and (max-width:640px) {.fusion-body .fusion-builder-column-2{width:100% !important;order : 0;}.fusion-builder-column-2 > .fusion-column-wrapper {margin-right : 1.92%;margin-left : 1.92%;}}<\/style><\/div><\/div><style type=\"text\/css\">.fusion-body .fusion-flex-container.fusion-builder-row-3{ padding-top : 0px;margin-top : 0px;padding-right : 0px;padding-bottom : 0px;margin-bottom : 0px;padding-left : 0px;}<\/style><\/div><\/p>\n","protected":false},"excerpt":{"rendered":"","protected":false},"author":3,"featured_media":0,"parent":0,"menu_order":0,"comment_status":"closed","ping_status":"closed","template":"","meta":{"footnotes":""},"class_list":["post-8882","page","type-page","status-publish","hentry"],"yoast_head":"<!-- This site is optimized with the Yoast SEO plugin v27.3 - https:\/\/yoast.com\/product\/yoast-seo-wordpress\/ -->\n<title>Children&#039;s Zone - Fru\u0144 Festival<\/title>\n<meta name=\"robots\" content=\"index, follow, max-snippet:-1, max-image-preview:large, max-video-preview:-1\" \/>\n<link rel=\"canonical\" href=\"https:\/\/frunfestival.com\/childrens-zone\/\" \/>\n<meta property=\"og:locale\" content=\"en_US\" \/>\n<meta property=\"og:type\" content=\"article\" \/>\n<meta property=\"og:title\" content=\"Children&#039;s Zone - Fru\u0144 Festival\" \/>\n<meta property=\"og:url\" content=\"https:\/\/frunfestival.com\/childrens-zone\/\" \/>\n<meta property=\"og:site_name\" content=\"Fru\u0144 Festival\" \/>\n<meta name=\"twitter:card\" content=\"summary_large_image\" \/>\n<meta name=\"twitter:label1\" content=\"Est. reading time\" \/>\n\t<meta name=\"twitter:data1\" content=\"6 minutes\" \/>\n<script type=\"application\/ld+json\" class=\"yoast-schema-graph\">{\"@context\":\"https:\\\/\\\/schema.org\",\"@graph\":[{\"@type\":\"WebPage\",\"@id\":\"https:\\\/\\\/frunfestival.com\\\/childrens-zone\\\/\",\"url\":\"https:\\\/\\\/frunfestival.com\\\/childrens-zone\\\/\",\"name\":\"Children's Zone - Fru\u0144 Festival\",\"isPartOf\":{\"@id\":\"https:\\\/\\\/frunfestival.com\\\/#website\"},\"datePublished\":\"2024-06-17T16:32:40+00:00\",\"breadcrumb\":{\"@id\":\"https:\\\/\\\/frunfestival.com\\\/childrens-zone\\\/#breadcrumb\"},\"inLanguage\":\"en-US\",\"potentialAction\":[{\"@type\":\"ReadAction\",\"target\":[\"https:\\\/\\\/frunfestival.com\\\/childrens-zone\\\/\"]}]},{\"@type\":\"BreadcrumbList\",\"@id\":\"https:\\\/\\\/frunfestival.com\\\/childrens-zone\\\/#breadcrumb\",\"itemListElement\":[{\"@type\":\"ListItem\",\"position\":1,\"name\":\"Home\",\"item\":\"https:\\\/\\\/frunfestival.com\\\/en\\\/frun-2023\\\/\"},{\"@type\":\"ListItem\",\"position\":2,\"name\":\"Children&#8217;s Zone\"}]},{\"@type\":\"WebSite\",\"@id\":\"https:\\\/\\\/frunfestival.com\\\/#website\",\"url\":\"https:\\\/\\\/frunfestival.com\\\/\",\"name\":\"Fru\u0144 Festival\",\"description\":\"od korzeni a\u017c po kosmos\",\"potentialAction\":[{\"@type\":\"SearchAction\",\"target\":{\"@type\":\"EntryPoint\",\"urlTemplate\":\"https:\\\/\\\/frunfestival.com\\\/?s={search_term_string}\"},\"query-input\":{\"@type\":\"PropertyValueSpecification\",\"valueRequired\":true,\"valueName\":\"search_term_string\"}}],\"inLanguage\":\"en-US\"}]}<\/script>\n<!-- \/ Yoast SEO plugin. -->","yoast_head_json":{"title":"Children's Zone - Fru\u0144 Festival","robots":{"index":"index","follow":"follow","max-snippet":"max-snippet:-1","max-image-preview":"max-image-preview:large","max-video-preview":"max-video-preview:-1"},"canonical":"https:\/\/frunfestival.com\/childrens-zone\/","og_locale":"en_US","og_type":"article","og_title":"Children's Zone - Fru\u0144 Festival","og_url":"https:\/\/frunfestival.com\/childrens-zone\/","og_site_name":"Fru\u0144 Festival","twitter_card":"summary_large_image","twitter_misc":{"Est. reading time":"6 minutes"},"schema":{"@context":"https:\/\/schema.org","@graph":[{"@type":"WebPage","@id":"https:\/\/frunfestival.com\/childrens-zone\/","url":"https:\/\/frunfestival.com\/childrens-zone\/","name":"Children's Zone - Fru\u0144 Festival","isPartOf":{"@id":"https:\/\/frunfestival.com\/#website"},"datePublished":"2024-06-17T16:32:40+00:00","breadcrumb":{"@id":"https:\/\/frunfestival.com\/childrens-zone\/#breadcrumb"},"inLanguage":"en-US","potentialAction":[{"@type":"ReadAction","target":["https:\/\/frunfestival.com\/childrens-zone\/"]}]},{"@type":"BreadcrumbList","@id":"https:\/\/frunfestival.com\/childrens-zone\/#breadcrumb","itemListElement":[{"@type":"ListItem","position":1,"name":"Home","item":"https:\/\/frunfestival.com\/en\/frun-2023\/"},{"@type":"ListItem","position":2,"name":"Children&#8217;s Zone"}]},{"@type":"WebSite","@id":"https:\/\/frunfestival.com\/#website","url":"https:\/\/frunfestival.com\/","name":"Fru\u0144 Festival","description":"od korzeni a\u017c po kosmos","potentialAction":[{"@type":"SearchAction","target":{"@type":"EntryPoint","urlTemplate":"https:\/\/frunfestival.com\/?s={search_term_string}"},"query-input":{"@type":"PropertyValueSpecification","valueRequired":true,"valueName":"search_term_string"}}],"inLanguage":"en-US"}]}},"_links":{"self":[{"href":"https:\/\/frunfestival.com\/en\/wp-json\/wp\/v2\/pages\/8882","targetHints":{"allow":["GET"]}}],"collection":[{"href":"https:\/\/frunfestival.com\/en\/wp-json\/wp\/v2\/pages"}],"about":[{"href":"https:\/\/frunfestival.com\/en\/wp-json\/wp\/v2\/types\/page"}],"author":[{"embeddable":true,"href":"https:\/\/frunfestival.com\/en\/wp-json\/wp\/v2\/users\/3"}],"replies":[{"embeddable":true,"href":"https:\/\/frunfestival.com\/en\/wp-json\/wp\/v2\/comments?post=8882"}],"version-history":[{"count":0,"href":"https:\/\/frunfestival.com\/en\/wp-json\/wp\/v2\/pages\/8882\/revisions"}],"wp:attachment":[{"href":"https:\/\/frunfestival.com\/en\/wp-json\/wp\/v2\/media?parent=8882"}],"curies":[{"name":"wp","href":"https:\/\/api.w.org\/{rel}","templated":true}]}}