{"id":8858,"date":"2024-06-22T12:17:14","date_gmt":"2024-06-22T11:17:14","guid":{"rendered":"https:\/\/frunfestival.com\/infopack\/"},"modified":"2024-06-22T12:17:14","modified_gmt":"2024-06-22T11:17:14","slug":"infopack","status":"publish","type":"page","link":"https:\/\/frunfestival.com\/en\/infopack\/","title":{"rendered":"Infopack"},"content":{"rendered":"<div class=\"fusion-fullwidth fullwidth-box fusion-builder-row-1 fusion-flex-container nonhundred-percent-fullwidth non-hundred-percent-height-scrolling\" style=\"background-color: rgba(38,36,80,0.6);background-position: center center;background-repeat: no-repeat;border-width: 0px 0px 0px 0px;border-color:rgba(255,255,255,0);border-style:solid;\" ><div class=\"fusion-builder-row fusion-row fusion-flex-align-items-flex-start\" style=\"max-width:1216.8px;margin-left: calc(-4% \/ 2 );margin-right: calc(-4% \/ 2 );\"><div class=\"fusion-layout-column fusion_builder_column fusion-builder-column-0 fusion_builder_column_1_1 1_1 fusion-flex-column\"><div class=\"fusion-column-wrapper fusion-flex-justify-content-flex-start fusion-content-layout-column\" style=\"background-position:left top;background-repeat:no-repeat;-webkit-background-size:cover;-moz-background-size:cover;-o-background-size:cover;background-size:cover;padding: 0px 0px 0px 0px;\"><div class=\"fusion-text fusion-text-1\"><p><span style=\"color: var(--body_typography-color); font-family: var(--body_typography-font-family); font-size: var(--body_typography-font-size); font-style: var(--body_typography-font-style,normal); letter-spacing: var(--body_typography-letter-spacing);\">1. Ticketgate &amp; duration:<\/span><\/p>\n<p><span data-fusion-font=\"true\" style=\"font-size: 16px;\">The festival gate opens on Thursday at 8:00, with the first workshops starting at. 1:00 PM, at 10:00 PM we will gather at the Roots Stage for the Opening Ceremony    <\/span><span style=\"color: var(--body_typography-color); font-family: var(--body_typography-font-family); font-size: 16px; font-style: var(--body_typography-font-style,normal); letter-spacing: var(--body_typography-letter-spacing);\" data-fusion-font=\"true\">The Closing Ceremony of the festival is planned for Sunday at 6:30 PM. 18:30. We invite all participants to the Cosmos Stage for the final dances and a group photo. This will be the last event of the festival. <\/span><\/p>\n<p>2. Schedule:<\/p>\n<p data-fusion-font=\"true\" style=\"font-size: 16px;\">You can find the text versions of the schedules for each area here:<\/p>\n<p><span data-fusion-font=\"true\" style=\"font-size: 16px;\">Root Stage: <\/span><a href=\"https:\/\/frunfestival.com\/scena-korzeni\/\" target=\"_blank\" rel=\"noopener noreferrer\" data-fusion-font=\"true\" style=\"font-size: 16px;\">https:\/\/frunfestival.com\/scena-korzeni\/ <\/a> <\/p>\n<p><span data-fusion-font=\"true\" style=\"font-size: 16px;\">Cosmic Stage: <\/span><a href=\"https:\/\/frunfestival.com\/scena-kosmosu\/\" target=\"_blank\" rel=\"noopener noreferrer\" data-fusion-font=\"true\" style=\"font-size: 16px;\">https:\/\/frunfestival.com\/scena-kosmosu\/<\/a><\/p>\n<p><span data-fusion-font=\"true\" style=\"font-size: 16px;\">Workshops: <\/span><a href=\"https:\/\/frunfestival.com\/warsztaty-i-ceremonie\/\" target=\"_blank\" rel=\"noopener noreferrer\" data-fusion-font=\"true\" style=\"font-size: 16px;\">https:\/\/frunfestival.com\/warsztaty-i-ceremonie\/<\/a><\/p>\n<p><span data-fusion-font=\"true\" style=\"font-size: 16px;\">Music Development and Experimental Music Zone: <\/span><a href=\"https:\/\/frunfestival.com\/strefa_rozwoju_muzycznego\/\" target=\"_blank\" rel=\"noopener noreferrer\" data-fusion-font=\"true\" style=\"font-size: 16px;\">https:\/\/frunfestival.com\/strefa_rozwoju_muzycznego\/<\/a><\/p>\n<p> <span data-fusion-font=\"true\" style=\"font-size: 16px;\"> Children&#8217;s Zone: <\/span><a href=\"https:\/\/frunfestival.com\/strefa-dla-dzieci\/\" target=\"_blank\" rel=\"noopener noreferrer\" data-fusion-font=\"true\" style=\"font-size: 16px;\">https:\/\/frunfestival.com\/strefa-dla-dzieci\/ <\/a> <\/p>\n<p> <span data-fusion-font=\"true\" style=\"font-size: 16px;\"> ECO Zone: <\/span><a href=\"https:\/\/frunfestival.com\/sterfa-eko\/\" target=\"_blank\" rel=\"noopener noreferrer\" data-fusion-font=\"true\" style=\"font-size: 16px;\">https:\/\/frunfestival.com\/sterfa-eko\/<\/a><\/p>\n<p data-fusion-font=\"true\" style=\"font-size: 16px;\">For ecological reasons, we have decided not to print program leaflets. Posters with the schedule will be available at numerous festival points, and we are also preparing a PDF version of the schedule to download on your phone. <\/p>\n<p>3. Tickets:<\/p>\n<p><span data-fusion-font=\"true\" style=\"font-size: 16px;\">\u2013 You can purchase passes, as well as one-day and weekend tickets here: <\/span><a href=\"https:\/\/zrzutka.pl\/b6jwg5#rewards\" target=\"_blank\" rel=\"noopener noreferrer\" data-fusion-font=\"true\" style=\"font-size: 16px;\">https:\/\/zrzutka.pl\/b6jwg5#rewards <\/a> <\/p>\n<p><span data-fusion-font=\"true\" style=\"font-size: 16px;\">\u2013 Promotional tickets for residents of the Ryczyw\u00f3\u0142 Commune are available at: <\/span><a href=\"https:\/\/zrzutka.pl\/z\/frunlokalnie2024\" target=\"_blank\" rel=\"noopener noreferrer\" data-fusion-font=\"true\" style=\"font-size: 16px;\">https:\/\/zrzutka.pl\/z\/frunlokalnie2024 <\/a> <\/p>\n<p data-fusion-font=\"true\" style=\"font-size: 16px;\">\u2013 On the day of the festival, ticket sales will also be conducted through the zrzutka.pl portal \u2013 we do not accept cash at the gate. <\/p>\n<p data-fusion-font=\"true\" style=\"font-size: 16px;\">\u2013 Electronic tickets are absolutely sufficient \u2013 you do not need to print anything.<\/p>\n<p>4. Transportation and Location:<\/p>\n<p><span data-fusion-font=\"true\" style=\"font-size: 16px;\">\u2013 The festival will take place at: Po\u0142ajewice 6, 64-630 Po\u0142ajewice, Ryczyw\u00f3\u0142 Commune, Wielkopolskie Voivodeship. Google location:    <\/span><a href=\"https:\/\/maps.app.goo.gl\/mrh6Cebny6uTK4MH9\" target=\"_blank\" rel=\"noopener noreferrer\" data-fusion-font=\"true\" style=\"font-size: 16px;\">https:\/\/maps.app.goo.gl\/mrh6Cebny6uTK4MH9  <\/a><\/p>\n<p><span data-fusion-font=\"true\" style=\"font-size: 16px;\">We recommend traveling from the south through Radom (the route from the north involves small forest roads). You can see which route to choose  <\/span><a href=\"https:\/\/drive.google.com\/file\/d\/10lKhkGQDFFWsJ2F2eQcNsejIBOcUUwcr\/view\" target=\"_blank\" rel=\"noopener noreferrer\" data-fusion-font=\"true\" style=\"font-size: 16px;\">here<\/a><span data-fusion-font=\"true\" style=\"font-size: 16px;\">.<\/span><\/p>\n<p><span data-fusion-font=\"true\" style=\"font-size: 16px;\">\u2013 For shared rides, please visit our Facebook group: FRU\u0143-My <\/span><a href=\"https:\/\/www.facebook.com\/groups\/253450376256556\/\" target=\"_blank\" rel=\"noopener noreferrer\" data-fusion-font=\"true\" style=\"font-size: 16px;\">https:\/\/www.facebook.com\/groups\/253450376256556\/ <\/a> <\/p>\n<p data-fusion-font=\"true\" style=\"font-size: 16px;\">&#8211; If traveling by train, it is best to head to the Rogo\u017ano Wielkopolskie station, from where festival shuttles will depart on Thursday and Friday at 12:40 PM, 4:35 PM, and 8:35 PM, bringing you directly to the FRU\u0143 gate. On Sunday, shuttles from the festival gate to the Rogo\u017ano Wielkopolskie station will depart at   10:50 AM, 12:10 PM, and 3:40 PM. The cost of the bus is 20 PLN, payable in cash to the driver.  <\/p>\n<p><span data-fusion-font=\"true\" style=\"font-size: 16px;\">Which connections to choose to catch the festival shuttles and more information about transportation can be found here: <\/span><a href=\"https:\/\/frunfestival.com\/transport\/\" target=\"_blank\" rel=\"noopener noreferrer\" data-fusion-font=\"true\" style=\"font-size: 16px;\">https:\/\/frunfestival.com\/transport\/<\/a><\/p>\n<p>5. Parking and Campsite:<\/p>\n<p data-fusion-font=\"true\" style=\"font-size: 16px;\">\u2013 You can leave your cars in the parking lot located right next to the campsite. <\/p>\n<p data-fusion-font=\"true\" style=\"font-size: 16px;\">\u2013 A specially designated part of the campsite is prepared for campers. For safety reasons, those wishing to use this option must arrive no later than Thursday at 4:00 PM and depart no earlier than Sunday at   10:00 PM. The number of camper spots is limited and will be allocated on a first-come, first-served basis.  <\/p>\n<p data-fusion-font=\"true\" style=\"font-size: 16px;\">\u2013 Each participant with a valid ticket has access to the campsite and sanitary facilities (toilets, sinks, cold water showers \u2013 we hope for beautiful sunshine) <\/p>\n<p data-fusion-font=\"true\" style=\"font-size: 16px;\">\u2013 The water available in the taps is potable, so please hydrate as much as you need. Try to avoid using plastic, disposable bottles.  <\/p>\n<p>6. Safety First:<\/p>\n<p data-fusion-font=\"true\" style=\"font-size: 16px;\">\u2013 Our medics will be overseeing the health of all participants. In case of illness or injury, feel free to seek help. The medics&#8217; tent is located near the campsite and can be easily found on the festival map.   <\/p>\n<p data-fusion-font=\"true\" style=\"font-size: 16px;\">\u2013 Volunteers from the SIN organization will also be present at the festival, providing education and support to participants in need. <\/p>\n<p><span data-fusion-font=\"true\" style=\"font-size: 16px;\">\u2013 We are doing our best to make the festival friendly and safe, but please remain vigilant. Always keep valuable items in sight or in a secure place. <\/span>  <\/p>\n<p>7. Ecology:<\/p>\n<p><span data-fusion-font=\"true\" style=\"font-size: 16px;\">\u2013 The entire festival is created with an eco-friendly spirit \u2013 most decorations are made from recycled materials. We have prepared a special Eco-Festival Guide for you. We encourage you to read it:  <\/span><a href=\"https:\/\/frunfestival.com\/ekologia\/#guidebook\" target=\"_blank\" rel=\"noopener noreferrer\" data-fusion-font=\"true\" style=\"font-size: 16px;\">https:\/\/frunfestival.com\/ekologia\/#guidebook<\/a><\/p>\n<p>8. Families with Children:<\/p>\n<p data-fusion-font=\"true\" style=\"font-size: 16px;\">\u2013 Good news for our youngest participants \u2013 together with our partner Kreuj U\u015bmiech(Make The Smile), we have prepared a special children&#8217;s zone. <\/p>\n<p><span data-fusion-font=\"true\" style=\"font-size: 16px;\">\u2013 Admission for children up to and including 12 years old is free. <\/span><\/p>\n<p data-fusion-font=\"true\" style=\"font-size: 16px;\">Tickets for children:<\/p>\n<p data-fusion-font=\"true\" style=\"font-size: 16px;\">If you plan to bring your kids to the festival, please inform us by email at: bilety@frunfestival.com. Admission for children under 12 is free, but a ticket is required. You will receive the ticket for free after sending an email to our address with the child\u2019s name and surname, and the name, contact number, and email address of the guardian.   <\/p>\n<p data-fusion-font=\"true\" style=\"font-size: 16px;\">Families with children: https:\/\/frunfestival.com\/rodziny-z-dziecmi\/<\/p>\n<p><span data-fusion-font=\"true\" style=\"font-size: 16px;\">Pets: <\/span><a href=\"https:\/\/frunfestival.com\/zwierzeta\/\" target=\"_blank\" rel=\"noopener noreferrer\" data-fusion-font=\"true\" style=\"font-size: 16px;\">https:\/\/frunfestival.com\/zwierzeta\/<\/a><\/p>\n<p>9. Tickets for Pets:<\/p>\n<p data-fusion-font=\"true\" style=\"font-size: 16px;\">If you plan to bring your pets to the festival, please inform us by email at: bilety@frunfestival.com. Admission for pets is free, but a ticket is required. You will receive the ticket for free after sending an email to our address with the pet\u2019s name, and the name, contact number, and email address of the owner.  <\/p>\n<p data-fusion-font=\"true\" style=\"font-size: 16px;\">Pet owners must have a document proving valid rabies vaccination. Pets must remain under the constant supervision of their owner. <\/p>\n<p data-fusion-font=\"true\" style=\"font-size: 16px;\">You can read more about pets at the festival here: https:\/\/frunfestival.com\/zwierzeta\/<\/p>\n<p>10. Festival Regulations <span data-fusion-font=\"true\" style=\"font-size: 16px;\">are available here: https:\/\/frunfestival.com\/regulamin\/<\/span><\/p>\n<p data-fusion-font=\"true\" style=\"font-size: 16px;\">Every participant is required to read and comply with the regulations.<\/p>\n<p>11. Food and Vendors<\/p>\n<p data-fusion-font=\"true\" style=\"font-size: 16px;\">\u2013 In the festival&#8217;s food areas, you will find points with delicious food \u2013 everything will be vegetarian and vegan. <\/p>\n<p data-fusion-font=\"true\" style=\"font-size: 16px;\">\u2013 We will also have cold and hot drinks! <\/p>\n<p data-fusion-font=\"true\" style=\"font-size: 16px;\">\u2013 We encourage you to bring your own dishes and cutlery to act in the spirit of ecology. Your own dish means a cheaper meal.  <\/p>\n<p data-fusion-font=\"true\" style=\"font-size: 16px;\">\u2013 Many vendors will be waiting for you with their wonderful products, including handicrafts, jewelry, clothing, and eco-friendly cosmetics.  <\/p>\n<p data-fusion-font=\"true\" style=\"font-size: 16px;\">\u2013 Payment at the festival is cash only.<\/p>\n<\/div><\/div><style type=\"text\/css\">.fusion-body .fusion-builder-column-0{width:100% !important;margin-top : 20px;margin-bottom : 20px;}.fusion-builder-column-0 > .fusion-column-wrapper {padding-top : 0px !important;padding-right : 0px !important;margin-right : 1.92%;padding-bottom : 0px !important;padding-left : 0px !important;margin-left : 1.92%;}@media only screen and (max-width:1024px) {.fusion-body .fusion-builder-column-0{width:100% !important;order : 0;}.fusion-builder-column-0 > .fusion-column-wrapper {margin-right : 1.92%;margin-left : 1.92%;}}@media only screen and (max-width:640px) {.fusion-body .fusion-builder-column-0{width:100% !important;order : 0;}.fusion-builder-column-0 > .fusion-column-wrapper {margin-right : 1.92%;margin-left : 1.92%;}}<\/style><\/div><\/div><style type=\"text\/css\">.fusion-body .fusion-flex-container.fusion-builder-row-1{ padding-top : 0px;margin-top : 0px;padding-right : 0px;padding-bottom : 0px;margin-bottom : 0px;padding-left : 0px;}<\/style><\/div>\n","protected":false},"excerpt":{"rendered":"","protected":false},"author":3,"featured_media":0,"parent":0,"menu_order":0,"comment_status":"closed","ping_status":"closed","template":"","meta":{"footnotes":""},"class_list":["post-8858","page","type-page","status-publish","hentry"],"yoast_head":"<!-- This site is optimized with the Yoast SEO plugin v27.3 - https:\/\/yoast.com\/product\/yoast-seo-wordpress\/ -->\n<title>Infopack - Fru\u0144 Festival<\/title>\n<meta name=\"robots\" content=\"index, follow, max-snippet:-1, max-image-preview:large, max-video-preview:-1\" \/>\n<link rel=\"canonical\" href=\"https:\/\/frunfestival.com\/infopack\/\" \/>\n<meta property=\"og:locale\" content=\"en_US\" \/>\n<meta property=\"og:type\" content=\"article\" \/>\n<meta property=\"og:title\" content=\"Infopack - Fru\u0144 Festival\" \/>\n<meta property=\"og:url\" content=\"https:\/\/frunfestival.com\/infopack\/\" \/>\n<meta property=\"og:site_name\" content=\"Fru\u0144 Festival\" \/>\n<meta name=\"twitter:card\" content=\"summary_large_image\" \/>\n<meta name=\"twitter:label1\" content=\"Est. reading time\" \/>\n\t<meta name=\"twitter:data1\" content=\"7 minutes\" \/>\n<script type=\"application\/ld+json\" class=\"yoast-schema-graph\">{\"@context\":\"https:\\\/\\\/schema.org\",\"@graph\":[{\"@type\":\"WebPage\",\"@id\":\"https:\\\/\\\/frunfestival.com\\\/infopack\\\/\",\"url\":\"https:\\\/\\\/frunfestival.com\\\/infopack\\\/\",\"name\":\"Infopack - Fru\u0144 Festival\",\"isPartOf\":{\"@id\":\"https:\\\/\\\/frunfestival.com\\\/#website\"},\"datePublished\":\"2024-06-22T11:17:14+00:00\",\"breadcrumb\":{\"@id\":\"https:\\\/\\\/frunfestival.com\\\/infopack\\\/#breadcrumb\"},\"inLanguage\":\"en-US\",\"potentialAction\":[{\"@type\":\"ReadAction\",\"target\":[\"https:\\\/\\\/frunfestival.com\\\/infopack\\\/\"]}]},{\"@type\":\"BreadcrumbList\",\"@id\":\"https:\\\/\\\/frunfestival.com\\\/infopack\\\/#breadcrumb\",\"itemListElement\":[{\"@type\":\"ListItem\",\"position\":1,\"name\":\"Home\",\"item\":\"https:\\\/\\\/frunfestival.com\\\/en\\\/frun-2023\\\/\"},{\"@type\":\"ListItem\",\"position\":2,\"name\":\"Infopack\"}]},{\"@type\":\"WebSite\",\"@id\":\"https:\\\/\\\/frunfestival.com\\\/#website\",\"url\":\"https:\\\/\\\/frunfestival.com\\\/\",\"name\":\"Fru\u0144 Festival\",\"description\":\"od korzeni a\u017c po kosmos\",\"potentialAction\":[{\"@type\":\"SearchAction\",\"target\":{\"@type\":\"EntryPoint\",\"urlTemplate\":\"https:\\\/\\\/frunfestival.com\\\/?s={search_term_string}\"},\"query-input\":{\"@type\":\"PropertyValueSpecification\",\"valueRequired\":true,\"valueName\":\"search_term_string\"}}],\"inLanguage\":\"en-US\"}]}<\/script>\n<!-- \/ Yoast SEO plugin. -->","yoast_head_json":{"title":"Infopack - Fru\u0144 Festival","robots":{"index":"index","follow":"follow","max-snippet":"max-snippet:-1","max-image-preview":"max-image-preview:large","max-video-preview":"max-video-preview:-1"},"canonical":"https:\/\/frunfestival.com\/infopack\/","og_locale":"en_US","og_type":"article","og_title":"Infopack - Fru\u0144 Festival","og_url":"https:\/\/frunfestival.com\/infopack\/","og_site_name":"Fru\u0144 Festival","twitter_card":"summary_large_image","twitter_misc":{"Est. reading time":"7 minutes"},"schema":{"@context":"https:\/\/schema.org","@graph":[{"@type":"WebPage","@id":"https:\/\/frunfestival.com\/infopack\/","url":"https:\/\/frunfestival.com\/infopack\/","name":"Infopack - Fru\u0144 Festival","isPartOf":{"@id":"https:\/\/frunfestival.com\/#website"},"datePublished":"2024-06-22T11:17:14+00:00","breadcrumb":{"@id":"https:\/\/frunfestival.com\/infopack\/#breadcrumb"},"inLanguage":"en-US","potentialAction":[{"@type":"ReadAction","target":["https:\/\/frunfestival.com\/infopack\/"]}]},{"@type":"BreadcrumbList","@id":"https:\/\/frunfestival.com\/infopack\/#breadcrumb","itemListElement":[{"@type":"ListItem","position":1,"name":"Home","item":"https:\/\/frunfestival.com\/en\/frun-2023\/"},{"@type":"ListItem","position":2,"name":"Infopack"}]},{"@type":"WebSite","@id":"https:\/\/frunfestival.com\/#website","url":"https:\/\/frunfestival.com\/","name":"Fru\u0144 Festival","description":"od korzeni a\u017c po kosmos","potentialAction":[{"@type":"SearchAction","target":{"@type":"EntryPoint","urlTemplate":"https:\/\/frunfestival.com\/?s={search_term_string}"},"query-input":{"@type":"PropertyValueSpecification","valueRequired":true,"valueName":"search_term_string"}}],"inLanguage":"en-US"}]}},"_links":{"self":[{"href":"https:\/\/frunfestival.com\/en\/wp-json\/wp\/v2\/pages\/8858","targetHints":{"allow":["GET"]}}],"collection":[{"href":"https:\/\/frunfestival.com\/en\/wp-json\/wp\/v2\/pages"}],"about":[{"href":"https:\/\/frunfestival.com\/en\/wp-json\/wp\/v2\/types\/page"}],"author":[{"embeddable":true,"href":"https:\/\/frunfestival.com\/en\/wp-json\/wp\/v2\/users\/3"}],"replies":[{"embeddable":true,"href":"https:\/\/frunfestival.com\/en\/wp-json\/wp\/v2\/comments?post=8858"}],"version-history":[{"count":0,"href":"https:\/\/frunfestival.com\/en\/wp-json\/wp\/v2\/pages\/8858\/revisions"}],"wp:attachment":[{"href":"https:\/\/frunfestival.com\/en\/wp-json\/wp\/v2\/media?parent=8858"}],"curies":[{"name":"wp","href":"https:\/\/api.w.org\/{rel}","templated":true}]}}