{"id":8649,"date":"2024-02-17T22:17:06","date_gmt":"2024-02-17T21:17:06","guid":{"rendered":"https:\/\/frunfestival.com\/blazej-dabrowski\/"},"modified":"2024-02-17T22:17:06","modified_gmt":"2024-02-17T21:17:06","slug":"blazej-dabrowski","status":"publish","type":"page","link":"https:\/\/frunfestival.com\/en\/blazej-dabrowski\/","title":{"rendered":"B\u0142a\u017cej D\u0105browski"},"content":{"rendered":"<p><div class=\"fusion-fullwidth fullwidth-box fusion-builder-row-1 fusion-flex-container nonhundred-percent-fullwidth non-hundred-percent-height-scrolling\" style=\"background-color: rgba(38,36,80,0.6);background-position: center center;background-repeat: no-repeat;border-width: 0px 0px 0px 0px;border-color:rgba(255,255,255,0);border-style:solid;\" ><div class=\"fusion-builder-row fusion-row fusion-flex-align-items-flex-start\" style=\"max-width:1216.8px;margin-left: calc(-4% \/ 2 );margin-right: calc(-4% \/ 2 );\"><div class=\"fusion-layout-column fusion_builder_column fusion-builder-column-0 fusion_builder_column_1_3 1_3 fusion-flex-column\"><div class=\"fusion-column-wrapper fusion-flex-justify-content-flex-start fusion-content-layout-column\" style=\"background-position:left top;background-repeat:no-repeat;-webkit-background-size:cover;-moz-background-size:cover;-o-background-size:cover;background-size:cover;padding: 0px 0px 0px 0px;\"><div ><style>.fusion-imageframe.imageframe-1{ margin-right : 4%;}<\/style><span class=\" fusion-imageframe imageframe-none imageframe-1 hover-type-none\"><img decoding=\"async\" width=\"592\" height=\"891\" title=\"B\u0142a\u017cej\" src=\"https:\/\/frunfestival.com\/wp-content\/uploads\/2024\/02\/Blazej.jpg\" data-orig-src=\"https:\/\/frunfestival.com\/wp-content\/uploads\/2024\/02\/Blazej.jpg\" alt class=\"lazyload img-responsive wp-image-8650\" srcset=\"data:image\/svg+xml,%3Csvg%20xmlns%3D%27http%3A%2F%2Fwww.w3.org%2F2000%2Fsvg%27%20width%3D%27592%27%20height%3D%27891%27%20viewBox%3D%270%200%20592%20891%27%3E%3Crect%20width%3D%27592%27%20height%3D%27891%27%20fill-opacity%3D%220%22%2F%3E%3C%2Fsvg%3E\" data-srcset=\"https:\/\/frunfestival.com\/wp-content\/uploads\/2024\/02\/Blazej-200x301.jpg 200w, https:\/\/frunfestival.com\/wp-content\/uploads\/2024\/02\/Blazej-400x602.jpg 400w, https:\/\/frunfestival.com\/wp-content\/uploads\/2024\/02\/Blazej.jpg 592w\" data-sizes=\"auto\" data-orig-sizes=\"(max-width: 1024px) 100vw, (max-width: 640px) 100vw, 400px\" \/><\/span><\/div><\/div><style type=\"text\/css\">.fusion-body .fusion-builder-column-0{width:33.333333333333% !important;margin-top : 20px;margin-bottom : 20px;}.fusion-builder-column-0 > .fusion-column-wrapper {padding-top : 0px !important;padding-right : 0px !important;margin-right : 5.76%;padding-bottom : 0px !important;padding-left : 0px !important;margin-left : 5.76%;}@media only screen and (max-width:1024px) {.fusion-body .fusion-builder-column-0{width:100% !important;order : 0;}.fusion-builder-column-0 > .fusion-column-wrapper {margin-right : 1.92%;margin-left : 1.92%;}}@media only screen and (max-width:640px) {.fusion-body .fusion-builder-column-0{width:100% !important;order : 0;}.fusion-builder-column-0 > .fusion-column-wrapper {margin-right : 1.92%;margin-left : 1.92%;}}<\/style><\/div><div class=\"fusion-layout-column fusion_builder_column fusion-builder-column-1 fusion_builder_column_1_2 1_2 fusion-flex-column\"><div class=\"fusion-column-wrapper fusion-flex-justify-content-flex-start fusion-content-layout-column\" style=\"background-position:left top;background-repeat:no-repeat;-webkit-background-size:cover;-moz-background-size:cover;-o-background-size:cover;background-size:cover;padding: 0px 0px 0px 0px;\"><style type=\"text\/css\">@media only screen and (max-width:1024px) {.fusion-title.fusion-title-1{margin-top:20px!important; margin-right:0px!important;margin-bottom:20px!important;margin-left:0px!important;}}@media only screen and (max-width:640px) {.fusion-title.fusion-title-1{margin-top:20px!important; margin-right:0px!important;margin-bottom:20px!important; margin-left:0px!important;}}<\/style><div class=\"fusion-title title fusion-title-1 fusion-sep-none fusion-title-text fusion-title-size-one\" style=\"margin-top:20px;margin-right:0px;margin-bottom:20px;margin-left:0px;\"><h1 class=\"title-heading-left fusion-responsive-typography-calculated\" style=\"margin:0;--fontSize:86.4;line-height:1.18;\"><h2 style=\"text-align: left;\"><b>B\u0142a\u017cej D\u0105browski<\/b><\/h2><\/h1><\/div><\/div><style type=\"text\/css\">.fusion-body .fusion-builder-column-1{width:50% !important;margin-top : 20px;margin-bottom : 20px;}.fusion-builder-column-1 > .fusion-column-wrapper {padding-top : 0px !important;padding-right : 0px !important;margin-right : 3.84%;padding-bottom : 0px !important;padding-left : 0px !important;margin-left : 3.84%;}@media only screen and (max-width:1024px) {.fusion-body .fusion-builder-column-1{width:100% !important;order : 0;}.fusion-builder-column-1 > .fusion-column-wrapper {margin-right : 1.92%;margin-left : 1.92%;}}@media only screen and (max-width:640px) {.fusion-body .fusion-builder-column-1{width:100% !important;order : 0;}.fusion-builder-column-1 > .fusion-column-wrapper {margin-right : 1.92%;margin-left : 1.92%;}}<\/style><\/div><\/div><style type=\"text\/css\">.fusion-body .fusion-flex-container.fusion-builder-row-1{ padding-top : 0px;margin-top : 0px;padding-right : 0px;padding-bottom : 0px;margin-bottom : 0px;padding-left : 4%;}<\/style><\/div><div class=\"fusion-fullwidth fullwidth-box fusion-builder-row-2 fusion-flex-container nonhundred-percent-fullwidth non-hundred-percent-height-scrolling\" style=\"background-color: rgba(38,36,80,0.6);background-position: center center;background-repeat: no-repeat;border-width: 0px 0px 0px 0px;border-color:rgba(255,255,255,0);border-style:solid;\" ><div class=\"fusion-builder-row fusion-row fusion-flex-align-items-flex-start\" style=\"max-width:1216.8px;margin-left: calc(-4% \/ 2 );margin-right: calc(-4% \/ 2 );\"><div class=\"fusion-layout-column fusion_builder_column fusion-builder-column-2 fusion_builder_column_1_1 1_1 fusion-flex-column\"><div class=\"fusion-column-wrapper fusion-flex-justify-content-flex-start fusion-content-layout-column\" style=\"background-position:left top;background-repeat:no-repeat;-webkit-background-size:cover;-moz-background-size:cover;-o-background-size:cover;background-size:cover;padding: 0px 0px 0px 0px;\"><div class=\"fusion-text fusion-text-1 fusion-text-no-margin\" style=\"margin-bottom:90px;\"><p><span style=\"font-weight: 400;\">Hello, I&#8217;m B\u0142a\u017cej. They mostly call me by my first name. I come from Toru\u0144. This will be my third time at FRU\u0143 Festival. In previous editions, I volunteered mainly in building the stages. This year, I will be responsible for coordinating the construction. I&#8217;m very excited to be able to help create this beautiful festival once again :) <\/span><\/p>\n<p><span style=\"font-weight: 400;\">In occupation and as a hobby, I work with carpentry and joinery.<\/span><\/p>\n<p><span style=\"font-weight: 400;\">I love dancing, playing the drums\/djembe, sunrises and sunsets, and all kinds of physical activities, especially those that provide a big dose of adrenaline.<\/span><\/p>\n<p><span style=\"font-weight: 400;\">I&#8217;m interested in geography, ecological solutions, and music. I&#8217;m still trying to develop my adaptive skills on this abstract planet. <\/span><\/p>\n<p><span style=\"font-weight: 400;\">See you soon :)<\/span><\/p>\n<\/div><\/div><style type=\"text\/css\">.fusion-body .fusion-builder-column-2{width:100% !important;margin-top : 20px;margin-bottom : 20px;}.fusion-builder-column-2 > .fusion-column-wrapper {padding-top : 0px !important;padding-right : 0px !important;margin-right : 1.92%;padding-bottom : 0px !important;padding-left : 0px !important;margin-left : 1.92%;}@media only screen and (max-width:1024px) {.fusion-body .fusion-builder-column-2{width:100% !important;order : 0;}.fusion-builder-column-2 > .fusion-column-wrapper {margin-right : 1.92%;margin-left : 1.92%;}}@media only screen and (max-width:640px) {.fusion-body .fusion-builder-column-2{width:100% !important;order : 0;}.fusion-builder-column-2 > .fusion-column-wrapper {margin-right : 1.92%;margin-left : 1.92%;}}<\/style><\/div><\/div><style type=\"text\/css\">.fusion-body .fusion-flex-container.fusion-builder-row-2{ padding-top : 2%;margin-top : 0px;padding-right : 4%;padding-bottom : 4%;margin-bottom : 0px;padding-left : 4%;}<\/style><\/div><\/p>\n","protected":false},"excerpt":{"rendered":"","protected":false},"author":6,"featured_media":0,"parent":0,"menu_order":0,"comment_status":"closed","ping_status":"closed","template":"","meta":{"footnotes":""},"class_list":["post-8649","page","type-page","status-publish","hentry"],"yoast_head":"<!-- This site is optimized with the Yoast SEO plugin v27.3 - https:\/\/yoast.com\/product\/yoast-seo-wordpress\/ -->\n<title>B\u0142a\u017cej D\u0105browski - Fru\u0144 Festival<\/title>\n<meta name=\"robots\" content=\"index, follow, max-snippet:-1, max-image-preview:large, max-video-preview:-1\" \/>\n<link rel=\"canonical\" href=\"https:\/\/frunfestival.com\/blazej-dabrowski\/\" \/>\n<meta property=\"og:locale\" content=\"en_US\" \/>\n<meta property=\"og:type\" content=\"article\" \/>\n<meta property=\"og:title\" content=\"B\u0142a\u017cej D\u0105browski - Fru\u0144 Festival\" \/>\n<meta property=\"og:url\" content=\"https:\/\/frunfestival.com\/blazej-dabrowski\/\" \/>\n<meta property=\"og:site_name\" content=\"Fru\u0144 Festival\" \/>\n<meta name=\"twitter:card\" content=\"summary_large_image\" \/>\n<meta name=\"twitter:label1\" content=\"Est. reading time\" \/>\n\t<meta name=\"twitter:data1\" content=\"6 minutes\" \/>\n<script type=\"application\/ld+json\" class=\"yoast-schema-graph\">{\"@context\":\"https:\\\/\\\/schema.org\",\"@graph\":[{\"@type\":\"WebPage\",\"@id\":\"https:\\\/\\\/frunfestival.com\\\/blazej-dabrowski\\\/\",\"url\":\"https:\\\/\\\/frunfestival.com\\\/blazej-dabrowski\\\/\",\"name\":\"B\u0142a\u017cej D\u0105browski - Fru\u0144 Festival\",\"isPartOf\":{\"@id\":\"https:\\\/\\\/frunfestival.com\\\/#website\"},\"datePublished\":\"2024-02-17T21:17:06+00:00\",\"breadcrumb\":{\"@id\":\"https:\\\/\\\/frunfestival.com\\\/blazej-dabrowski\\\/#breadcrumb\"},\"inLanguage\":\"en-US\",\"potentialAction\":[{\"@type\":\"ReadAction\",\"target\":[\"https:\\\/\\\/frunfestival.com\\\/blazej-dabrowski\\\/\"]}]},{\"@type\":\"BreadcrumbList\",\"@id\":\"https:\\\/\\\/frunfestival.com\\\/blazej-dabrowski\\\/#breadcrumb\",\"itemListElement\":[{\"@type\":\"ListItem\",\"position\":1,\"name\":\"Home\",\"item\":\"https:\\\/\\\/frunfestival.com\\\/en\\\/frun-2023\\\/\"},{\"@type\":\"ListItem\",\"position\":2,\"name\":\"B\u0142a\u017cej D\u0105browski\"}]},{\"@type\":\"WebSite\",\"@id\":\"https:\\\/\\\/frunfestival.com\\\/#website\",\"url\":\"https:\\\/\\\/frunfestival.com\\\/\",\"name\":\"Fru\u0144 Festival\",\"description\":\"od korzeni a\u017c po kosmos\",\"potentialAction\":[{\"@type\":\"SearchAction\",\"target\":{\"@type\":\"EntryPoint\",\"urlTemplate\":\"https:\\\/\\\/frunfestival.com\\\/?s={search_term_string}\"},\"query-input\":{\"@type\":\"PropertyValueSpecification\",\"valueRequired\":true,\"valueName\":\"search_term_string\"}}],\"inLanguage\":\"en-US\"}]}<\/script>\n<!-- \/ Yoast SEO plugin. -->","yoast_head_json":{"title":"B\u0142a\u017cej D\u0105browski - Fru\u0144 Festival","robots":{"index":"index","follow":"follow","max-snippet":"max-snippet:-1","max-image-preview":"max-image-preview:large","max-video-preview":"max-video-preview:-1"},"canonical":"https:\/\/frunfestival.com\/blazej-dabrowski\/","og_locale":"en_US","og_type":"article","og_title":"B\u0142a\u017cej D\u0105browski - Fru\u0144 Festival","og_url":"https:\/\/frunfestival.com\/blazej-dabrowski\/","og_site_name":"Fru\u0144 Festival","twitter_card":"summary_large_image","twitter_misc":{"Est. reading time":"6 minutes"},"schema":{"@context":"https:\/\/schema.org","@graph":[{"@type":"WebPage","@id":"https:\/\/frunfestival.com\/blazej-dabrowski\/","url":"https:\/\/frunfestival.com\/blazej-dabrowski\/","name":"B\u0142a\u017cej D\u0105browski - Fru\u0144 Festival","isPartOf":{"@id":"https:\/\/frunfestival.com\/#website"},"datePublished":"2024-02-17T21:17:06+00:00","breadcrumb":{"@id":"https:\/\/frunfestival.com\/blazej-dabrowski\/#breadcrumb"},"inLanguage":"en-US","potentialAction":[{"@type":"ReadAction","target":["https:\/\/frunfestival.com\/blazej-dabrowski\/"]}]},{"@type":"BreadcrumbList","@id":"https:\/\/frunfestival.com\/blazej-dabrowski\/#breadcrumb","itemListElement":[{"@type":"ListItem","position":1,"name":"Home","item":"https:\/\/frunfestival.com\/en\/frun-2023\/"},{"@type":"ListItem","position":2,"name":"B\u0142a\u017cej D\u0105browski"}]},{"@type":"WebSite","@id":"https:\/\/frunfestival.com\/#website","url":"https:\/\/frunfestival.com\/","name":"Fru\u0144 Festival","description":"od korzeni a\u017c po kosmos","potentialAction":[{"@type":"SearchAction","target":{"@type":"EntryPoint","urlTemplate":"https:\/\/frunfestival.com\/?s={search_term_string}"},"query-input":{"@type":"PropertyValueSpecification","valueRequired":true,"valueName":"search_term_string"}}],"inLanguage":"en-US"}]}},"_links":{"self":[{"href":"https:\/\/frunfestival.com\/en\/wp-json\/wp\/v2\/pages\/8649","targetHints":{"allow":["GET"]}}],"collection":[{"href":"https:\/\/frunfestival.com\/en\/wp-json\/wp\/v2\/pages"}],"about":[{"href":"https:\/\/frunfestival.com\/en\/wp-json\/wp\/v2\/types\/page"}],"author":[{"embeddable":true,"href":"https:\/\/frunfestival.com\/en\/wp-json\/wp\/v2\/users\/6"}],"replies":[{"embeddable":true,"href":"https:\/\/frunfestival.com\/en\/wp-json\/wp\/v2\/comments?post=8649"}],"version-history":[{"count":0,"href":"https:\/\/frunfestival.com\/en\/wp-json\/wp\/v2\/pages\/8649\/revisions"}],"wp:attachment":[{"href":"https:\/\/frunfestival.com\/en\/wp-json\/wp\/v2\/media?parent=8649"}],"curies":[{"name":"wp","href":"https:\/\/api.w.org\/{rel}","templated":true}]}}