{"id":4956,"date":"2021-07-20T12:42:31","date_gmt":"2021-07-20T11:42:31","guid":{"rendered":"https:\/\/frunfestival.com\/location-transportation\/"},"modified":"2024-05-13T11:31:20","modified_gmt":"2024-05-13T10:31:20","slug":"location-transportation","status":"publish","type":"page","link":"https:\/\/frunfestival.com\/en\/location-transportation\/","title":{"rendered":"Location &amp; Transportation"},"content":{"rendered":"<p><div class=\"fusion-fullwidth fullwidth-box fusion-builder-row-1 fusion-flex-container nonhundred-percent-fullwidth non-hundred-percent-height-scrolling\" style=\"background-color: rgba(38,36,80,0.6);background-position: center center;background-repeat: no-repeat;background-blend-mode: overlay;border-width: 0px 0px 0px 0px;border-color:rgba(255,255,255,0);border-style:solid;\" ><div class=\"fusion-builder-row fusion-row fusion-flex-align-items-flex-start\" style=\"max-width:1216.8px;margin-left: calc(-4% \/ 2 );margin-right: calc(-4% \/ 2 );\"><div class=\"fusion-layout-column fusion_builder_column fusion-builder-column-0 fusion_builder_column_1_1 1_1 fusion-flex-column\"><div class=\"fusion-column-wrapper fusion-flex-justify-content-flex-start fusion-content-layout-column\" style=\"background-position:left top;background-repeat:no-repeat;-webkit-background-size:cover;-moz-background-size:cover;-o-background-size:cover;background-size:cover;padding: 4% 4% 4% 4%;\"><div class=\"fusion-text fusion-text-1 fusion-text-no-margin\" style=\"font-size:var(--awb-typography4-font-size);line-height:var(--awb-typography4-line-height);letter-spacing:var(--awb-typography4-letter-spacing);text-transform:var(--awb-typography4-text-transform);font-family:var(--awb-typography4-font-family);font-weight:var(--awb-typography4-font-weight);font-style:var(--awb-typography4-font-style);margin-top:2%;margin-bottom:40px;\"><p style=\"text-align: center; \"><b>Our festival will take place in the extraordinary venue known as OSADA. Here, surrounded by beautiful vegetation, we will be able to immerse ourselves in the magical reality of Freedom Universe.<\/b><\/p>\n<p style=\"text-align: center; \"><b>Check out the fanpage of our magical space OSADA: <a href=\"https:\/\/www.facebook.com\/OSADA.FESTIVAL\">OSADA.FESTIVAL<\/a><\/b><\/p>\n<p style=\"text-align: center; \"><b>Address:<\/b><\/p>\n<p style=\"text-align: center; \"><b>Po\u0142ajewice 6, 64-630,<\/b><\/p>\n<p style=\"text-align: center; \"><b>Gmina Ryczyw\u00f3\u0142, Poland<\/b><\/p>\n<p style=\"text-align: center; \"><b>We encourage you to join the group: FRU\u0143-My (for transportation, tickets, Freedom Universe community) available <a href=\"https:\/\/www.facebook.com\/groups\/253450376256556\">here<\/a><\/b><\/p>\n<p style=\"text-align: center; \"><b>You can arrange shared transportation there.<\/b><\/p>\n<\/div><div class=\"shortcode-map fusion-google-map fusion-maps-embed-type\"><iframe width=\"100%\" height=\"500px\" frameborder=\"0\" style=\"border:0\" src=\"https:\/\/www.google.com\/maps\/embed\/v1\/place?key=AIzaSyDjDBS0cNIMmi6hqzd9PyLcoD0MiLfepw8&language=en&q=Po\u0142ajewice+6,+64-630,++Gmina+Ryczyw\u00f3\u0142&maptype=satellite&zoom=14\" allowfullscreen><\/iframe><\/div><\/div><style type=\"text\/css\">.fusion-body .fusion-builder-column-0{width:100% !important;margin-top : 0px;margin-bottom : 0px;}.fusion-builder-column-0 > .fusion-column-wrapper {padding-top : 4% !important;padding-right : 4% !important;margin-right : 1.92%;padding-bottom : 4% !important;padding-left : 4% !important;margin-left : 1.92%;}@media only screen and (max-width:1024px) {.fusion-body .fusion-builder-column-0{width:100% !important;order : 0;}.fusion-builder-column-0 > .fusion-column-wrapper {margin-right : 1.92%;margin-left : 1.92%;}}@media only screen and (max-width:640px) {.fusion-body .fusion-builder-column-0{width:100% !important;order : 0;}.fusion-builder-column-0 > .fusion-column-wrapper {margin-right : 1.92%;margin-left : 1.92%;}}<\/style><\/div><\/div><style type=\"text\/css\">.fusion-body .fusion-flex-container.fusion-builder-row-1{ padding-top : 0px;margin-top : 0px;padding-right : 0px;padding-bottom : 0px;margin-bottom : 0px;padding-left : 0px;}<\/style><\/div><div class=\"fusion-fullwidth fullwidth-box fusion-builder-row-2 fusion-flex-container nonhundred-percent-fullwidth non-hundred-percent-height-scrolling\" style=\"background-color: rgba(38,36,80,0.6);background-position: center center;background-repeat: no-repeat;border-width: 0px 0px 0px 0px;border-color:rgba(255,255,255,0);border-style:solid;\" ><div class=\"fusion-builder-row fusion-row fusion-flex-align-items-flex-start\" style=\"max-width:1216.8px;margin-left: calc(-4% \/ 2 );margin-right: calc(-4% \/ 2 );\"><\/div><style type=\"text\/css\">.fusion-body .fusion-flex-container.fusion-builder-row-2{ padding-top : 0px;margin-top : 0px;padding-right : 0px;padding-bottom : 0px;margin-bottom : 0px;padding-left : 0px;}<\/style><\/div><\/p>\n","protected":false},"excerpt":{"rendered":"","protected":false},"author":1,"featured_media":0,"parent":0,"menu_order":0,"comment_status":"closed","ping_status":"open","template":"","meta":{"footnotes":""},"class_list":["post-4956","page","type-page","status-publish","hentry"],"yoast_head":"<!-- This site is optimized with the Yoast SEO plugin v27.3 - https:\/\/yoast.com\/product\/yoast-seo-wordpress\/ -->\n<title>Location &amp; Transportation - Fru\u0144 Festival<\/title>\n<meta name=\"robots\" content=\"index, follow, max-snippet:-1, max-image-preview:large, max-video-preview:-1\" \/>\n<link rel=\"canonical\" href=\"https:\/\/frunfestival.com\/en\/location-transportation\/\" \/>\n<meta property=\"og:locale\" content=\"en_US\" \/>\n<meta property=\"og:type\" content=\"article\" \/>\n<meta property=\"og:title\" content=\"Location &amp; Transportation - Fru\u0144 Festival\" \/>\n<meta property=\"og:url\" content=\"https:\/\/frunfestival.com\/en\/location-transportation\/\" \/>\n<meta property=\"og:site_name\" content=\"Fru\u0144 Festival\" \/>\n<meta property=\"article:modified_time\" content=\"2024-05-13T10:31:20+00:00\" \/>\n<meta name=\"twitter:card\" content=\"summary_large_image\" \/>\n<meta name=\"twitter:label1\" content=\"Est. reading time\" \/>\n\t<meta name=\"twitter:data1\" content=\"3 minutes\" \/>\n<script type=\"application\/ld+json\" class=\"yoast-schema-graph\">{\"@context\":\"https:\\\/\\\/schema.org\",\"@graph\":[{\"@type\":\"WebPage\",\"@id\":\"https:\\\/\\\/frunfestival.com\\\/en\\\/location-transportation\\\/\",\"url\":\"https:\\\/\\\/frunfestival.com\\\/en\\\/location-transportation\\\/\",\"name\":\"Location &amp; Transportation - Fru\u0144 Festival\",\"isPartOf\":{\"@id\":\"https:\\\/\\\/frunfestival.com\\\/#website\"},\"datePublished\":\"2021-07-20T11:42:31+00:00\",\"dateModified\":\"2024-05-13T10:31:20+00:00\",\"breadcrumb\":{\"@id\":\"https:\\\/\\\/frunfestival.com\\\/en\\\/location-transportation\\\/#breadcrumb\"},\"inLanguage\":\"en-US\",\"potentialAction\":[{\"@type\":\"ReadAction\",\"target\":[\"https:\\\/\\\/frunfestival.com\\\/en\\\/location-transportation\\\/\"]}]},{\"@type\":\"BreadcrumbList\",\"@id\":\"https:\\\/\\\/frunfestival.com\\\/en\\\/location-transportation\\\/#breadcrumb\",\"itemListElement\":[{\"@type\":\"ListItem\",\"position\":1,\"name\":\"Home\",\"item\":\"https:\\\/\\\/frunfestival.com\\\/en\\\/frun-2023\\\/\"},{\"@type\":\"ListItem\",\"position\":2,\"name\":\"Location &amp; Transportation\"}]},{\"@type\":\"WebSite\",\"@id\":\"https:\\\/\\\/frunfestival.com\\\/#website\",\"url\":\"https:\\\/\\\/frunfestival.com\\\/\",\"name\":\"Fru\u0144 Festival\",\"description\":\"od korzeni a\u017c po kosmos\",\"potentialAction\":[{\"@type\":\"SearchAction\",\"target\":{\"@type\":\"EntryPoint\",\"urlTemplate\":\"https:\\\/\\\/frunfestival.com\\\/?s={search_term_string}\"},\"query-input\":{\"@type\":\"PropertyValueSpecification\",\"valueRequired\":true,\"valueName\":\"search_term_string\"}}],\"inLanguage\":\"en-US\"}]}<\/script>\n<!-- \/ Yoast SEO plugin. -->","yoast_head_json":{"title":"Location &amp; Transportation - Fru\u0144 Festival","robots":{"index":"index","follow":"follow","max-snippet":"max-snippet:-1","max-image-preview":"max-image-preview:large","max-video-preview":"max-video-preview:-1"},"canonical":"https:\/\/frunfestival.com\/en\/location-transportation\/","og_locale":"en_US","og_type":"article","og_title":"Location &amp; Transportation - Fru\u0144 Festival","og_url":"https:\/\/frunfestival.com\/en\/location-transportation\/","og_site_name":"Fru\u0144 Festival","article_modified_time":"2024-05-13T10:31:20+00:00","twitter_card":"summary_large_image","twitter_misc":{"Est. reading time":"3 minutes"},"schema":{"@context":"https:\/\/schema.org","@graph":[{"@type":"WebPage","@id":"https:\/\/frunfestival.com\/en\/location-transportation\/","url":"https:\/\/frunfestival.com\/en\/location-transportation\/","name":"Location &amp; Transportation - Fru\u0144 Festival","isPartOf":{"@id":"https:\/\/frunfestival.com\/#website"},"datePublished":"2021-07-20T11:42:31+00:00","dateModified":"2024-05-13T10:31:20+00:00","breadcrumb":{"@id":"https:\/\/frunfestival.com\/en\/location-transportation\/#breadcrumb"},"inLanguage":"en-US","potentialAction":[{"@type":"ReadAction","target":["https:\/\/frunfestival.com\/en\/location-transportation\/"]}]},{"@type":"BreadcrumbList","@id":"https:\/\/frunfestival.com\/en\/location-transportation\/#breadcrumb","itemListElement":[{"@type":"ListItem","position":1,"name":"Home","item":"https:\/\/frunfestival.com\/en\/frun-2023\/"},{"@type":"ListItem","position":2,"name":"Location &amp; Transportation"}]},{"@type":"WebSite","@id":"https:\/\/frunfestival.com\/#website","url":"https:\/\/frunfestival.com\/","name":"Fru\u0144 Festival","description":"od korzeni a\u017c po kosmos","potentialAction":[{"@type":"SearchAction","target":{"@type":"EntryPoint","urlTemplate":"https:\/\/frunfestival.com\/?s={search_term_string}"},"query-input":{"@type":"PropertyValueSpecification","valueRequired":true,"valueName":"search_term_string"}}],"inLanguage":"en-US"}]}},"_links":{"self":[{"href":"https:\/\/frunfestival.com\/en\/wp-json\/wp\/v2\/pages\/4956","targetHints":{"allow":["GET"]}}],"collection":[{"href":"https:\/\/frunfestival.com\/en\/wp-json\/wp\/v2\/pages"}],"about":[{"href":"https:\/\/frunfestival.com\/en\/wp-json\/wp\/v2\/types\/page"}],"author":[{"embeddable":true,"href":"https:\/\/frunfestival.com\/en\/wp-json\/wp\/v2\/users\/1"}],"replies":[{"embeddable":true,"href":"https:\/\/frunfestival.com\/en\/wp-json\/wp\/v2\/comments?post=4956"}],"version-history":[{"count":4,"href":"https:\/\/frunfestival.com\/en\/wp-json\/wp\/v2\/pages\/4956\/revisions"}],"predecessor-version":[{"id":8600,"href":"https:\/\/frunfestival.com\/en\/wp-json\/wp\/v2\/pages\/4956\/revisions\/8600"}],"wp:attachment":[{"href":"https:\/\/frunfestival.com\/en\/wp-json\/wp\/v2\/media?parent=4956"}],"curies":[{"name":"wp","href":"https:\/\/api.w.org\/{rel}","templated":true}]}}